{"id":1379,"date":"2021-06-03T21:14:52","date_gmt":"2021-06-03T21:14:52","guid":{"rendered":"https:\/\/www.tossestugan.se\/ueber-uns\/"},"modified":"2021-06-03T21:14:52","modified_gmt":"2021-06-03T21:14:52","slug":"ueber-uns","status":"publish","type":"page","link":"https:\/\/www.tossestugan.se\/de\/ueber-uns\/","title":{"rendered":"\u00dcber uns"},"content":{"rendered":"\t\t<div data-elementor-type=\"wp-page\" data-elementor-id=\"1379\" class=\"elementor elementor-1379 elementor-2\">\n\t\t\t\t\t\t<div class=\"elementor-inner\">\n\t\t\t\t<div class=\"elementor-section-wrap\">\n\t\t\t\t\t\t\t\t\t<section class=\"elementor-section elementor-top-section elementor-element elementor-element-3e39e80a elementor-section-boxed elementor-section-height-default elementor-section-height-default\" data-id=\"3e39e80a\" data-element_type=\"section\">\n\t\t\t\t\t\t<div class=\"elementor-container elementor-column-gap-default\">\n\t\t\t\t\t\t\t<div class=\"elementor-row\">\n\t\t\t\t\t<div class=\"elementor-column elementor-col-100 elementor-top-column elementor-element elementor-element-44397544\" data-id=\"44397544\" data-element_type=\"column\" data-settings=\"{&quot;background_background&quot;:&quot;classic&quot;}\">\n\t\t\t<div class=\"elementor-column-wrap elementor-element-populated\">\n\t\t\t\t\t\t\t<div class=\"elementor-widget-wrap\">\n\t\t\t\t\t\t<section class=\"elementor-section elementor-inner-section elementor-element elementor-element-240ace34 elementor-section-full_width elementor-reverse-tablet elementor-reverse-mobile elementor-section-height-default elementor-section-height-default\" data-id=\"240ace34\" data-element_type=\"section\">\n\t\t\t\t\t\t<div class=\"elementor-container elementor-column-gap-default\">\n\t\t\t\t\t\t\t<div class=\"elementor-row\">\n\t\t\t\t\t<div class=\"elementor-column elementor-col-50 elementor-inner-column elementor-element elementor-element-50439c55\" data-id=\"50439c55\" data-element_type=\"column\">\n\t\t\t<div class=\"elementor-column-wrap elementor-element-populated\">\n\t\t\t\t\t\t\t<div class=\"elementor-widget-wrap\">\n\t\t\t\t\t\t<div class=\"elementor-element elementor-element-4ae59ae8 elementor-cta--valign-middle elementor-cta--skin-classic elementor-animated-content elementor-bg-transform elementor-bg-transform-zoom-in elementor-widget elementor-widget-call-to-action\" data-id=\"4ae59ae8\" data-element_type=\"widget\" data-widget_type=\"call-to-action.default\">\n\t\t\t\t<div class=\"elementor-widget-container\">\n\t\t\t\t\t<div class=\"elementor-cta\">\n\t\t\t\t\t\t\t<div class=\"elementor-cta__content\">\n\t\t\t\t\n\t\t\t\t<h2 class=\"elementor-cta__title elementor-cta__content-item elementor-content-item\">\u00dcber uns<\/h2>\n\t\t\t\t\t\t\t\t\t<div class=\"elementor-cta__description elementor-cta__content-item elementor-content-item\">\n\t\t\t\t\t\t<p>T\u00f6ssestugan ist ein beliebter Treffpunkt f\u00fcr Mittag- und Abendessen sowie f\u00fcr verschiedene Veranstaltungen mit einem Restaurant, einem Hotel und Konferenzeinrichtungen. Nicht zuletzt ist es ein beliebter Zwischenstopp f\u00fcr Touristen auf dem Weg in die Bergwelt oder f\u00fcr Ziele in S\u00fcdschweden.<\/p>\n\t\t\t\t\t<\/div>\n\t\t\t\t\n\t\t\t\t\t\t\t\t\t<div class=\"elementor-cta__button-wrapper elementor-cta__content-item elementor-content-item \">\n\t\t\t\t\t<a class=\"elementor-cta__button elementor-button elementor-size-sm\" href=\"https:\/\/www.tossestugan.se\/kontakt\/\" target=\"_blank\">\n\t\t\t\t\t\tKontaktiere Sie uns\t\t\t\t\t<\/a>\n\t\t\t\t\t<\/div>\n\t\t\t\t\t\t\t<\/div>\n\t\t\t\t\t\t<\/div>\n\t\t\t\t<\/div>\n\t\t\t\t<\/div>\n\t\t\t\t\t\t<\/div>\n\t\t\t\t\t<\/div>\n\t\t<\/div>\n\t\t\t\t<div class=\"elementor-column elementor-col-50 elementor-inner-column elementor-element elementor-element-1e8448aa\" data-id=\"1e8448aa\" data-element_type=\"column\">\n\t\t\t<div class=\"elementor-column-wrap elementor-element-populated\">\n\t\t\t\t\t\t\t<div class=\"elementor-widget-wrap\">\n\t\t\t\t\t\t<div class=\"elementor-element elementor-element-28639d42 elementor-widget elementor-widget-spacer\" data-id=\"28639d42\" data-element_type=\"widget\" data-widget_type=\"spacer.default\">\n\t\t\t\t<div class=\"elementor-widget-container\">\n\t\t\t\t\t<div class=\"elementor-spacer\">\n\t\t\t<div class=\"elementor-spacer-inner\"><\/div>\n\t\t<\/div>\n\t\t\t\t<\/div>\n\t\t\t\t<\/div>\n\t\t\t\t\t\t<\/div>\n\t\t\t\t\t<\/div>\n\t\t<\/div>\n\t\t\t\t\t\t\t\t<\/div>\n\t\t\t\t\t<\/div>\n\t\t<\/section>\n\t\t\t\t\t\t<\/div>\n\t\t\t\t\t<\/div>\n\t\t<\/div>\n\t\t\t\t\t\t\t\t<\/div>\n\t\t\t\t\t<\/div>\n\t\t<\/section>\n\t\t\t\t<section class=\"elementor-section elementor-top-section elementor-element elementor-element-333f21ec elementor-section-height-min-height elementor-section-content-middle elementor-section-items-stretch elementor-section-boxed elementor-section-height-default\" data-id=\"333f21ec\" data-element_type=\"section\">\n\t\t\t\t\t\t<div class=\"elementor-container elementor-column-gap-default\">\n\t\t\t\t\t\t\t<div class=\"elementor-row\">\n\t\t\t\t\t<div class=\"elementor-column elementor-col-50 elementor-top-column elementor-element elementor-element-1d308ea7\" data-id=\"1d308ea7\" data-element_type=\"column\" data-settings=\"{&quot;background_background&quot;:&quot;classic&quot;}\">\n\t\t\t<div class=\"elementor-column-wrap elementor-element-populated\">\n\t\t\t\t\t\t\t<div class=\"elementor-widget-wrap\">\n\t\t\t\t\t\t<div class=\"elementor-element elementor-element-75630035 elementor-widget elementor-widget-spacer\" data-id=\"75630035\" data-element_type=\"widget\" data-widget_type=\"spacer.default\">\n\t\t\t\t<div class=\"elementor-widget-container\">\n\t\t\t\t\t<div class=\"elementor-spacer\">\n\t\t\t<div class=\"elementor-spacer-inner\"><\/div>\n\t\t<\/div>\n\t\t\t\t<\/div>\n\t\t\t\t<\/div>\n\t\t\t\t\t\t<\/div>\n\t\t\t\t\t<\/div>\n\t\t<\/div>\n\t\t\t\t<div class=\"elementor-column elementor-col-50 elementor-top-column elementor-element elementor-element-5ba7f3c4\" data-id=\"5ba7f3c4\" data-element_type=\"column\">\n\t\t\t<div class=\"elementor-column-wrap elementor-element-populated\">\n\t\t\t\t\t\t\t<div class=\"elementor-widget-wrap\">\n\t\t\t\t\t\t<section class=\"elementor-section elementor-inner-section elementor-element elementor-element-3567631e animated-slow elementor-section-boxed elementor-section-height-default elementor-section-height-default elementor-invisible\" data-id=\"3567631e\" data-element_type=\"section\" data-settings=\"{&quot;animation&quot;:&quot;fadeIn&quot;}\">\n\t\t\t\t\t\t<div class=\"elementor-container elementor-column-gap-default\">\n\t\t\t\t\t\t\t<div class=\"elementor-row\">\n\t\t\t\t\t<div class=\"elementor-column elementor-col-100 elementor-inner-column elementor-element elementor-element-32185326\" data-id=\"32185326\" data-element_type=\"column\">\n\t\t\t<div class=\"elementor-column-wrap elementor-element-populated\">\n\t\t\t\t\t\t\t<div class=\"elementor-widget-wrap\">\n\t\t\t\t\t\t<div class=\"elementor-element elementor-element-55b1ccc9 elementor-widget elementor-widget-heading\" data-id=\"55b1ccc9\" data-element_type=\"widget\" data-widget_type=\"heading.default\">\n\t\t\t\t<div class=\"elementor-widget-container\">\n\t\t\t<h2 class=\"elementor-heading-title elementor-size-default\">Historie<\/h2>\t\t<\/div>\n\t\t\t\t<\/div>\n\t\t\t\t<div class=\"elementor-element elementor-element-3b3968ab elementor-widget elementor-widget-text-editor\" data-id=\"3b3968ab\" data-element_type=\"widget\" data-widget_type=\"text-editor.default\">\n\t\t\t\t<div class=\"elementor-widget-container\">\n\t\t\t\t\t\t\t\t<div class=\"elementor-text-editor elementor-clearfix\">\n\t\t\t\t<p>Der Ort, an dem sich T\u00f6ssestugan heute befindet, ist ein historischer Ort und war im 17. Jahrhundert bis 1849 ein Gerichtsplatz und ein Gasthaus. Der Ort hie\u00df fr\u00fcher T\u00f6ssbo H\u00e4rad.<\/p>\n<p>T\u00f6ssestugan wurde 1985 erbaut und wird seit 2003 von Krystyna Gustavsson gef\u00fchrt, aber das sch\u00f6ne Herrenhaus (das T\u00f6ssestugan\u2019s Hotelteil ist) ist nat\u00fcrlich viel \u00e4lter. Das Herrenhaus ist 200 Jahre alt und hat im Laufe der Jahre als Privathaus fungiert. Das Hotel wurde 2005 eingeweiht und in den letzten Jahren auch durch einen Ruhebereich erg\u00e4nzt. Es ist heute eine beliebte Oase in Dalsland, mit einer guten Lage in der N\u00e4he der E45 und \u00c5m\u00e5l.<\/p>\n\t\t\t\t\t<\/div>\n\t\t\t\t\t\t<\/div>\n\t\t\t\t<\/div>\n\t\t\t\t<div class=\"elementor-element elementor-element-154ba07c elementor-icon-list--layout-traditional elementor-list-item-link-full_width elementor-widget elementor-widget-icon-list\" data-id=\"154ba07c\" data-element_type=\"widget\" data-widget_type=\"icon-list.default\">\n\t\t\t\t<div class=\"elementor-widget-container\">\n\t\t\t\t\t<ul class=\"elementor-icon-list-items\">\n\t\t\t\t\t\t\t<li class=\"elementor-icon-list-item\">\n\t\t\t\t\t\t\t\t\t\t\t<span class=\"elementor-icon-list-icon\">\n\t\t\t\t\t\t\t<i aria-hidden=\"true\" class=\"fas fa-utensils\"><\/i>\t\t\t\t\t\t<\/span>\n\t\t\t\t\t\t\t\t\t\t<span class=\"elementor-icon-list-text\">Restaurant<\/span>\n\t\t\t\t\t\t\t\t\t<\/li>\n\t\t\t\t\t\t\t\t<li class=\"elementor-icon-list-item\">\n\t\t\t\t\t\t\t\t\t\t\t<span class=\"elementor-icon-list-icon\">\n\t\t\t\t\t\t\t<i aria-hidden=\"true\" class=\"fas fa-bed\"><\/i>\t\t\t\t\t\t<\/span>\n\t\t\t\t\t\t\t\t\t\t<span class=\"elementor-icon-list-text\">Hotel<\/span>\n\t\t\t\t\t\t\t\t\t<\/li>\n\t\t\t\t\t\t\t\t<li class=\"elementor-icon-list-item\">\n\t\t\t\t\t\t\t\t\t\t\t<span class=\"elementor-icon-list-icon\">\n\t\t\t\t\t\t\t<i aria-hidden=\"true\" class=\"fas fa-caravan\"><\/i>\t\t\t\t\t\t<\/span>\n\t\t\t\t\t\t\t\t\t\t<span class=\"elementor-icon-list-text\">Stellpl\u00e4tze<\/span>\n\t\t\t\t\t\t\t\t\t<\/li>\n\t\t\t\t\t\t\t\t<li class=\"elementor-icon-list-item\">\n\t\t\t\t\t\t\t\t\t\t\t<span class=\"elementor-icon-list-icon\">\n\t\t\t\t\t\t\t<i aria-hidden=\"true\" class=\"fas fa-house-damage\"><\/i>\t\t\t\t\t\t<\/span>\n\t\t\t\t\t\t\t\t\t\t<span class=\"elementor-icon-list-text\">Ferienhaus<\/span>\n\t\t\t\t\t\t\t\t\t<\/li>\n\t\t\t\t\t\t\t\t<li class=\"elementor-icon-list-item\">\n\t\t\t\t\t\t\t\t\t\t\t<span class=\"elementor-icon-list-icon\">\n\t\t\t\t\t\t\t<i aria-hidden=\"true\" class=\"fas fa-hot-tub\"><\/i>\t\t\t\t\t\t<\/span>\n\t\t\t\t\t\t\t\t\t\t<span class=\"elementor-icon-list-text\">Relax<\/span>\n\t\t\t\t\t\t\t\t\t<\/li>\n\t\t\t\t\t\t\t\t<li class=\"elementor-icon-list-item\">\n\t\t\t\t\t\t\t\t\t\t\t<span class=\"elementor-icon-list-icon\">\n\t\t\t\t\t\t\t<i aria-hidden=\"true\" class=\"fas fa-pen-alt\"><\/i>\t\t\t\t\t\t<\/span>\n\t\t\t\t\t\t\t\t\t\t<span class=\"elementor-icon-list-text\">Konferenz<\/span>\n\t\t\t\t\t\t\t\t\t<\/li>\n\t\t\t\t\t\t\t\t<li class=\"elementor-icon-list-item\">\n\t\t\t\t\t\t\t\t\t\t\t<span class=\"elementor-icon-list-icon\">\n\t\t\t\t\t\t\t<i aria-hidden=\"true\" class=\"fas fa-bus\"><\/i>\t\t\t\t\t\t<\/span>\n\t\t\t\t\t\t\t\t\t\t<span class=\"elementor-icon-list-text\">Busreisen<\/span>\n\t\t\t\t\t\t\t\t\t<\/li>\n\t\t\t\t\t\t\t\t<li class=\"elementor-icon-list-item\">\n\t\t\t\t\t\t\t\t\t\t\t<span class=\"elementor-icon-list-icon\">\n\t\t\t\t\t\t\t<i aria-hidden=\"true\" class=\"fas fa-wine-glass-alt\"><\/i>\t\t\t\t\t\t<\/span>\n\t\t\t\t\t\t\t\t\t\t<span class=\"elementor-icon-list-text\">Veranstaltungen<\/span>\n\t\t\t\t\t\t\t\t\t<\/li>\n\t\t\t\t\t\t<\/ul>\n\t\t\t\t<\/div>\n\t\t\t\t<\/div>\n\t\t\t\t\t\t<\/div>\n\t\t\t\t\t<\/div>\n\t\t<\/div>\n\t\t\t\t\t\t\t\t<\/div>\n\t\t\t\t\t<\/div>\n\t\t<\/section>\n\t\t\t\t<section class=\"elementor-section elementor-inner-section elementor-element elementor-element-64dfb08d animated-slow elementor-section-boxed elementor-section-height-default elementor-section-height-default elementor-invisible\" data-id=\"64dfb08d\" data-element_type=\"section\" data-settings=\"{&quot;animation&quot;:&quot;fadeIn&quot;}\">\n\t\t\t\t\t\t<div class=\"elementor-container elementor-column-gap-default\">\n\t\t\t\t\t\t\t<div class=\"elementor-row\">\n\t\t\t\t\t<div class=\"elementor-column elementor-col-100 elementor-inner-column elementor-element elementor-element-52d4f051\" data-id=\"52d4f051\" data-element_type=\"column\">\n\t\t\t<div class=\"elementor-column-wrap elementor-element-populated\">\n\t\t\t\t\t\t\t<div class=\"elementor-widget-wrap\">\n\t\t\t\t\t\t<div class=\"elementor-element elementor-element-2af926de elementor-widget elementor-widget-image\" data-id=\"2af926de\" data-element_type=\"widget\" data-widget_type=\"image.default\">\n\t\t\t\t<div class=\"elementor-widget-container\">\n\t\t\t\t\t\t\t\t<div class=\"elementor-image\">\n\t\t\t\t\t\t\t\t\t\t\t\t<img decoding=\"async\" width=\"800\" height=\"534\" src=\"https:\/\/www.tossestugan.se\/wp-content\/uploads\/2021\/02\/tradgard-1024x683.jpg\" class=\"attachment-large size-large wp-image-1166\" alt=\"Garten\" loading=\"lazy\" srcset=\"https:\/\/www.tossestugan.se\/wp-content\/uploads\/2021\/02\/tradgard-1024x683.jpg 1024w, https:\/\/www.tossestugan.se\/wp-content\/uploads\/2021\/02\/tradgard-300x200.jpg 300w, https:\/\/www.tossestugan.se\/wp-content\/uploads\/2021\/02\/tradgard-768x512.jpg 768w, https:\/\/www.tossestugan.se\/wp-content\/uploads\/2021\/02\/tradgard.jpg 1350w\" sizes=\"(max-width: 800px) 100vw, 800px\" \/>\t\t\t\t\t\t\t\t\t\t\t\t\t\t<\/div>\n\t\t\t\t\t\t<\/div>\n\t\t\t\t<\/div>\n\t\t\t\t\t\t<\/div>\n\t\t\t\t\t<\/div>\n\t\t<\/div>\n\t\t\t\t\t\t\t\t<\/div>\n\t\t\t\t\t<\/div>\n\t\t<\/section>\n\t\t\t\t\t\t<\/div>\n\t\t\t\t\t<\/div>\n\t\t<\/div>\n\t\t\t\t\t\t\t\t<\/div>\n\t\t\t\t\t<\/div>\n\t\t<\/section>\n\t\t\t\t\t\t\t\t\t<\/div>\n\t\t\t<\/div>\n\t\t\t\t\t<\/div>\n\t\t","protected":false},"excerpt":{"rendered":"<p>\u00dcber uns T\u00f6ssestugan ist ein beliebter Treffpunkt f\u00fcr Mittag- und Abendessen sowie f\u00fcr verschiedene Veranstaltungen mit einem Restaurant, einem Hotel und Konferenzeinrichtungen. Nicht zuletzt ist es ein beliebter Zwischenstopp f\u00fcr Touristen auf dem Weg in die Bergwelt oder f\u00fcr Ziele in S\u00fcdschweden. Kontaktiere Sie uns Historie Der Ort, an dem sich T\u00f6ssestugan heute befindet, ist [&hellip;]<\/p>\n","protected":false},"author":1,"featured_media":0,"parent":0,"menu_order":0,"comment_status":"closed","ping_status":"closed","template":"","meta":{"inline_featured_image":false},"yoast_head":"<!-- This site is optimized with the Yoast SEO plugin v20.2.1 - https:\/\/yoast.com\/wordpress\/plugins\/seo\/ -->\n<title>\u00dcber uns | T\u00f6ssestugan<\/title>\n<meta name=\"robots\" content=\"index, follow, max-snippet:-1, max-image-preview:large, max-video-preview:-1\" \/>\n<link rel=\"canonical\" href=\"https:\/\/www.tossestugan.se\/de\/ueber-uns\/\" \/>\n<meta property=\"og:locale\" content=\"de_DE\" \/>\n<meta property=\"og:type\" content=\"article\" \/>\n<meta property=\"og:title\" content=\"\u00dcber uns | T\u00f6ssestugan\" \/>\n<meta property=\"og:description\" content=\"\u00dcber uns T\u00f6ssestugan ist ein beliebter Treffpunkt f\u00fcr Mittag- und Abendessen sowie f\u00fcr verschiedene Veranstaltungen mit einem Restaurant, einem Hotel und Konferenzeinrichtungen. Nicht zuletzt ist es ein beliebter Zwischenstopp f\u00fcr Touristen auf dem Weg in die Bergwelt oder f\u00fcr Ziele in S\u00fcdschweden. Kontaktiere Sie uns Historie Der Ort, an dem sich T\u00f6ssestugan heute befindet, ist [&hellip;]\" \/>\n<meta property=\"og:url\" content=\"https:\/\/www.tossestugan.se\/de\/ueber-uns\/\" \/>\n<meta property=\"og:site_name\" content=\"T\u00f6ssestugan\" \/>\n<meta property=\"article:publisher\" content=\"https:\/\/www.facebook.com\/tossestugan\" \/>\n<meta property=\"og:image\" content=\"https:\/\/www.tossestugan.se\/wp-content\/uploads\/2021\/02\/tradgard-1024x683.jpg\" \/>\n<meta name=\"twitter:card\" content=\"summary_large_image\" \/>\n<meta name=\"twitter:label1\" content=\"Gesch\u00e4tzte Lesezeit\" \/>\n\t<meta name=\"twitter:data1\" content=\"1\u00a0Minute\" \/>\n<script type=\"application\/ld+json\" class=\"yoast-schema-graph\">{\"@context\":\"https:\/\/schema.org\",\"@graph\":[{\"@type\":\"WebPage\",\"@id\":\"https:\/\/www.tossestugan.se\/de\/ueber-uns\/\",\"url\":\"https:\/\/www.tossestugan.se\/de\/ueber-uns\/\",\"name\":\"\u00dcber uns | T\u00f6ssestugan\",\"isPartOf\":{\"@id\":\"https:\/\/www.tossestugan.se\/de\/#website\"},\"datePublished\":\"2021-06-03T21:14:52+00:00\",\"dateModified\":\"2021-06-03T21:14:52+00:00\",\"breadcrumb\":{\"@id\":\"https:\/\/www.tossestugan.se\/de\/ueber-uns\/#breadcrumb\"},\"inLanguage\":\"de\",\"potentialAction\":[{\"@type\":\"ReadAction\",\"target\":[\"https:\/\/www.tossestugan.se\/de\/ueber-uns\/\"]}]},{\"@type\":\"BreadcrumbList\",\"@id\":\"https:\/\/www.tossestugan.se\/de\/ueber-uns\/#breadcrumb\",\"itemListElement\":[{\"@type\":\"ListItem\",\"position\":1,\"name\":\"Hem\",\"item\":\"https:\/\/www.tossestugan.se\/de\/\"},{\"@type\":\"ListItem\",\"position\":2,\"name\":\"\u00dcber uns\"}]},{\"@type\":\"WebSite\",\"@id\":\"https:\/\/www.tossestugan.se\/de\/#website\",\"url\":\"https:\/\/www.tossestugan.se\/de\/\",\"name\":\"T\u00f6ssestugan\",\"description\":\"Restaurang &amp; hotell n\u00e4ra \u00c5m\u00e5l vid E45:an\",\"publisher\":{\"@id\":\"https:\/\/www.tossestugan.se\/de\/#organization\"},\"potentialAction\":[{\"@type\":\"SearchAction\",\"target\":{\"@type\":\"EntryPoint\",\"urlTemplate\":\"https:\/\/www.tossestugan.se\/de\/?s={search_term_string}\"},\"query-input\":\"required name=search_term_string\"}],\"inLanguage\":\"de\"},{\"@type\":\"Organization\",\"@id\":\"https:\/\/www.tossestugan.se\/de\/#organization\",\"name\":\"T\u00f6ssestugan\",\"url\":\"https:\/\/www.tossestugan.se\/de\/\",\"logo\":{\"@type\":\"ImageObject\",\"inLanguage\":\"de\",\"@id\":\"https:\/\/www.tossestugan.se\/de\/#\/schema\/logo\/image\/\",\"url\":\"https:\/\/www.tossestugan.se\/wp-content\/uploads\/2021\/01\/tossestugan-grey-logo.svg\",\"contentUrl\":\"https:\/\/www.tossestugan.se\/wp-content\/uploads\/2021\/01\/tossestugan-grey-logo.svg\",\"width\":\"1024\",\"height\":\"1024\",\"caption\":\"T\u00f6ssestugan\"},\"image\":{\"@id\":\"https:\/\/www.tossestugan.se\/de\/#\/schema\/logo\/image\/\"},\"sameAs\":[\"https:\/\/www.facebook.com\/tossestugan\",\"https:\/\/www.instagram.com\/tossestugan\"]}]}<\/script>\n<!-- \/ Yoast SEO plugin. -->","yoast_head_json":{"title":"\u00dcber uns | T\u00f6ssestugan","robots":{"index":"index","follow":"follow","max-snippet":"max-snippet:-1","max-image-preview":"max-image-preview:large","max-video-preview":"max-video-preview:-1"},"canonical":"https:\/\/www.tossestugan.se\/de\/ueber-uns\/","og_locale":"de_DE","og_type":"article","og_title":"\u00dcber uns | T\u00f6ssestugan","og_description":"\u00dcber uns T\u00f6ssestugan ist ein beliebter Treffpunkt f\u00fcr Mittag- und Abendessen sowie f\u00fcr verschiedene Veranstaltungen mit einem Restaurant, einem Hotel und Konferenzeinrichtungen. Nicht zuletzt ist es ein beliebter Zwischenstopp f\u00fcr Touristen auf dem Weg in die Bergwelt oder f\u00fcr Ziele in S\u00fcdschweden. Kontaktiere Sie uns Historie Der Ort, an dem sich T\u00f6ssestugan heute befindet, ist [&hellip;]","og_url":"https:\/\/www.tossestugan.se\/de\/ueber-uns\/","og_site_name":"T\u00f6ssestugan","article_publisher":"https:\/\/www.facebook.com\/tossestugan","og_image":[{"url":"https:\/\/www.tossestugan.se\/wp-content\/uploads\/2021\/02\/tradgard-1024x683.jpg"}],"twitter_card":"summary_large_image","twitter_misc":{"Gesch\u00e4tzte Lesezeit":"1\u00a0Minute"},"schema":{"@context":"https:\/\/schema.org","@graph":[{"@type":"WebPage","@id":"https:\/\/www.tossestugan.se\/de\/ueber-uns\/","url":"https:\/\/www.tossestugan.se\/de\/ueber-uns\/","name":"\u00dcber uns | T\u00f6ssestugan","isPartOf":{"@id":"https:\/\/www.tossestugan.se\/de\/#website"},"datePublished":"2021-06-03T21:14:52+00:00","dateModified":"2021-06-03T21:14:52+00:00","breadcrumb":{"@id":"https:\/\/www.tossestugan.se\/de\/ueber-uns\/#breadcrumb"},"inLanguage":"de","potentialAction":[{"@type":"ReadAction","target":["https:\/\/www.tossestugan.se\/de\/ueber-uns\/"]}]},{"@type":"BreadcrumbList","@id":"https:\/\/www.tossestugan.se\/de\/ueber-uns\/#breadcrumb","itemListElement":[{"@type":"ListItem","position":1,"name":"Hem","item":"https:\/\/www.tossestugan.se\/de\/"},{"@type":"ListItem","position":2,"name":"\u00dcber uns"}]},{"@type":"WebSite","@id":"https:\/\/www.tossestugan.se\/de\/#website","url":"https:\/\/www.tossestugan.se\/de\/","name":"T\u00f6ssestugan","description":"Restaurang &amp; hotell n\u00e4ra \u00c5m\u00e5l vid E45:an","publisher":{"@id":"https:\/\/www.tossestugan.se\/de\/#organization"},"potentialAction":[{"@type":"SearchAction","target":{"@type":"EntryPoint","urlTemplate":"https:\/\/www.tossestugan.se\/de\/?s={search_term_string}"},"query-input":"required name=search_term_string"}],"inLanguage":"de"},{"@type":"Organization","@id":"https:\/\/www.tossestugan.se\/de\/#organization","name":"T\u00f6ssestugan","url":"https:\/\/www.tossestugan.se\/de\/","logo":{"@type":"ImageObject","inLanguage":"de","@id":"https:\/\/www.tossestugan.se\/de\/#\/schema\/logo\/image\/","url":"https:\/\/www.tossestugan.se\/wp-content\/uploads\/2021\/01\/tossestugan-grey-logo.svg","contentUrl":"https:\/\/www.tossestugan.se\/wp-content\/uploads\/2021\/01\/tossestugan-grey-logo.svg","width":"1024","height":"1024","caption":"T\u00f6ssestugan"},"image":{"@id":"https:\/\/www.tossestugan.se\/de\/#\/schema\/logo\/image\/"},"sameAs":["https:\/\/www.facebook.com\/tossestugan","https:\/\/www.instagram.com\/tossestugan"]}]}},"_links":{"self":[{"href":"https:\/\/www.tossestugan.se\/de\/wp-json\/wp\/v2\/pages\/1379"}],"collection":[{"href":"https:\/\/www.tossestugan.se\/de\/wp-json\/wp\/v2\/pages"}],"about":[{"href":"https:\/\/www.tossestugan.se\/de\/wp-json\/wp\/v2\/types\/page"}],"author":[{"embeddable":true,"href":"https:\/\/www.tossestugan.se\/de\/wp-json\/wp\/v2\/users\/1"}],"replies":[{"embeddable":true,"href":"https:\/\/www.tossestugan.se\/de\/wp-json\/wp\/v2\/comments?post=1379"}],"version-history":[{"count":1,"href":"https:\/\/www.tossestugan.se\/de\/wp-json\/wp\/v2\/pages\/1379\/revisions"}],"predecessor-version":[{"id":1380,"href":"https:\/\/www.tossestugan.se\/de\/wp-json\/wp\/v2\/pages\/1379\/revisions\/1380"}],"wp:attachment":[{"href":"https:\/\/www.tossestugan.se\/de\/wp-json\/wp\/v2\/media?parent=1379"}],"curies":[{"name":"wp","href":"https:\/\/api.w.org\/{rel}","templated":true}]}}