{"id":1381,"date":"2021-06-03T21:17:38","date_gmt":"2021-06-03T21:17:38","guid":{"rendered":"https:\/\/www.tossestugan.se\/kontakt\/"},"modified":"2021-06-03T21:17:38","modified_gmt":"2021-06-03T21:17:38","slug":"kontakt","status":"publish","type":"page","link":"https:\/\/www.tossestugan.se\/de\/kontakt\/","title":{"rendered":"Kontakt"},"content":{"rendered":"\t\t<div data-elementor-type=\"wp-page\" data-elementor-id=\"1381\" class=\"elementor elementor-1381 elementor-36\">\n\t\t\t\t\t\t<div class=\"elementor-inner\">\n\t\t\t\t<div class=\"elementor-section-wrap\">\n\t\t\t\t\t\t\t\t\t<section class=\"elementor-section elementor-top-section elementor-element elementor-element-4be2aae elementor-section-boxed elementor-section-height-default elementor-section-height-default\" data-id=\"4be2aae\" data-element_type=\"section\">\n\t\t\t\t\t\t<div class=\"elementor-container elementor-column-gap-default\">\n\t\t\t\t\t\t\t<div class=\"elementor-row\">\n\t\t\t\t\t<div class=\"elementor-column elementor-col-100 elementor-top-column elementor-element elementor-element-1608ed6\" data-id=\"1608ed6\" data-element_type=\"column\" data-settings=\"{&quot;background_background&quot;:&quot;classic&quot;}\">\n\t\t\t<div class=\"elementor-column-wrap elementor-element-populated\">\n\t\t\t\t\t\t\t<div class=\"elementor-widget-wrap\">\n\t\t\t\t\t\t<section class=\"elementor-section elementor-inner-section elementor-element elementor-element-d16ce31 elementor-section-full_width elementor-reverse-tablet elementor-reverse-mobile elementor-section-height-default elementor-section-height-default\" data-id=\"d16ce31\" data-element_type=\"section\">\n\t\t\t\t\t\t<div class=\"elementor-container elementor-column-gap-default\">\n\t\t\t\t\t\t\t<div class=\"elementor-row\">\n\t\t\t\t\t<div class=\"elementor-column elementor-col-50 elementor-inner-column elementor-element elementor-element-24b2220\" data-id=\"24b2220\" data-element_type=\"column\">\n\t\t\t<div class=\"elementor-column-wrap elementor-element-populated\">\n\t\t\t\t\t\t\t<div class=\"elementor-widget-wrap\">\n\t\t\t\t\t\t<div class=\"elementor-element elementor-element-eef4996 elementor-cta--valign-middle elementor-cta--skin-classic elementor-animated-content elementor-bg-transform elementor-bg-transform-zoom-in elementor-widget elementor-widget-call-to-action\" data-id=\"eef4996\" data-element_type=\"widget\" data-widget_type=\"call-to-action.default\">\n\t\t\t\t<div class=\"elementor-widget-container\">\n\t\t\t\t\t<div class=\"elementor-cta\">\n\t\t\t\t\t\t\t<div class=\"elementor-cta__content\">\n\t\t\t\t\n\t\t\t\t<h2 class=\"elementor-cta__title elementor-cta__content-item elementor-content-item\">Hier findest du uns<\/h2>\n\t\t\t\t\t\t\t\t\t<div class=\"elementor-cta__description elementor-cta__content-item elementor-content-item\">\n\t\t\t\t\t\t<p>Wir befinden uns 12 km s\u00fcdlich von \u00c5m\u00e5l und Sie k\u00f6nnen leicht von der E45 abbiegen. Wir haben auch gute Parkm\u00f6glichkeiten f\u00fcr gr\u00f6\u00dfere Fahrzeuge wie Wohnmobile, Busse und Lastwagen.<\/p>\n\t\t\t\t\t<\/div>\n\t\t\t\t\n\t\t\t\t\t\t\t\t\t<div class=\"elementor-cta__button-wrapper elementor-cta__content-item elementor-content-item \">\n\t\t\t\t\t<a class=\"elementor-cta__button elementor-button elementor-size-sm\" href=\"https:\/\/goo.gl\/maps\/t54GfNPgRUEg65zXA\" target=\"_blank\">\n\t\t\t\t\t\tAnsicht Google Maps\t\t\t\t\t<\/a>\n\t\t\t\t\t<\/div>\n\t\t\t\t\t\t\t<\/div>\n\t\t\t\t\t\t<\/div>\n\t\t\t\t<\/div>\n\t\t\t\t<\/div>\n\t\t\t\t\t\t<\/div>\n\t\t\t\t\t<\/div>\n\t\t<\/div>\n\t\t\t\t<div class=\"elementor-column elementor-col-50 elementor-inner-column elementor-element elementor-element-582c5d3\" data-id=\"582c5d3\" data-element_type=\"column\">\n\t\t\t<div class=\"elementor-column-wrap elementor-element-populated\">\n\t\t\t\t\t\t\t<div class=\"elementor-widget-wrap\">\n\t\t\t\t\t\t<div class=\"elementor-element elementor-element-7c2eafe elementor-widget elementor-widget-spacer\" data-id=\"7c2eafe\" data-element_type=\"widget\" data-widget_type=\"spacer.default\">\n\t\t\t\t<div class=\"elementor-widget-container\">\n\t\t\t\t\t<div class=\"elementor-spacer\">\n\t\t\t<div class=\"elementor-spacer-inner\"><\/div>\n\t\t<\/div>\n\t\t\t\t<\/div>\n\t\t\t\t<\/div>\n\t\t\t\t\t\t<\/div>\n\t\t\t\t\t<\/div>\n\t\t<\/div>\n\t\t\t\t\t\t\t\t<\/div>\n\t\t\t\t\t<\/div>\n\t\t<\/section>\n\t\t\t\t\t\t<\/div>\n\t\t\t\t\t<\/div>\n\t\t<\/div>\n\t\t\t\t\t\t\t\t<\/div>\n\t\t\t\t\t<\/div>\n\t\t<\/section>\n\t\t\t\t<section class=\"elementor-section elementor-top-section elementor-element elementor-element-07ed6c9 elementor-section-height-min-height elementor-section-content-middle elementor-section-items-stretch elementor-section-boxed elementor-section-height-default\" data-id=\"07ed6c9\" data-element_type=\"section\">\n\t\t\t\t\t\t<div class=\"elementor-container elementor-column-gap-default\">\n\t\t\t\t\t\t\t<div class=\"elementor-row\">\n\t\t\t\t\t<div class=\"elementor-column elementor-col-50 elementor-top-column elementor-element elementor-element-2a3a68b\" data-id=\"2a3a68b\" data-element_type=\"column\" data-settings=\"{&quot;background_background&quot;:&quot;classic&quot;}\">\n\t\t\t<div class=\"elementor-column-wrap elementor-element-populated\">\n\t\t\t\t\t\t\t<div class=\"elementor-widget-wrap\">\n\t\t\t\t\t\t<div class=\"elementor-element elementor-element-b867c06 elementor-widget elementor-widget-google_maps\" data-id=\"b867c06\" data-element_type=\"widget\" data-widget_type=\"google_maps.default\">\n\t\t\t\t<div class=\"elementor-widget-container\">\n\t\t\t\t\t<div class=\"elementor-custom-embed\">\n\t\t\t<iframe loading=\"lazy\"\n\t\t\t\t\tsrc=\"https:\/\/maps.google.com\/maps?q=T%C3%B6ssestugan&#038;t=m&#038;z=10&#038;output=embed&#038;iwloc=near\"\n\t\t\t\t\ttitle=\"T\u00f6ssestugan\"\n\t\t\t\t\taria-label=\"T\u00f6ssestugan\"\n\t\t\t><\/iframe>\n\t\t<\/div>\n\t\t\t\t<\/div>\n\t\t\t\t<\/div>\n\t\t\t\t\t\t<\/div>\n\t\t\t\t\t<\/div>\n\t\t<\/div>\n\t\t\t\t<div class=\"elementor-column elementor-col-50 elementor-top-column elementor-element elementor-element-acabcc5\" data-id=\"acabcc5\" data-element_type=\"column\">\n\t\t\t<div class=\"elementor-column-wrap elementor-element-populated\">\n\t\t\t\t\t\t\t<div class=\"elementor-widget-wrap\">\n\t\t\t\t\t\t<div class=\"elementor-element elementor-element-bd849a2 elementor-widget elementor-widget-heading\" data-id=\"bd849a2\" data-element_type=\"widget\" data-widget_type=\"heading.default\">\n\t\t\t\t<div class=\"elementor-widget-container\">\n\t\t\t<h1 class=\"elementor-heading-title elementor-size-default\">Kontakt & Buchungen<\/h1>\t\t<\/div>\n\t\t\t\t<\/div>\n\t\t\t\t<div class=\"elementor-element elementor-element-ced9cbb elementor-widget elementor-widget-text-editor\" data-id=\"ced9cbb\" data-element_type=\"widget\" data-widget_type=\"text-editor.default\">\n\t\t\t\t<div class=\"elementor-widget-container\">\n\t\t\t\t\t\t\t\t<div class=\"elementor-text-editor elementor-clearfix\">\n\t\t\t\t<p>Bitte kontaktieren Sie uns per Telefon oder E-Mail, um gr\u00f6\u00dfere Gruppen, Veranstaltungen, Konferenzen oder Hotelzimmer zu buchen.<\/p>\n\t\t\t\t\t<\/div>\n\t\t\t\t\t\t<\/div>\n\t\t\t\t<\/div>\n\t\t\t\t<div class=\"elementor-element elementor-element-6b39acd elementor-icon-list--layout-traditional elementor-list-item-link-full_width elementor-widget elementor-widget-icon-list\" data-id=\"6b39acd\" data-element_type=\"widget\" data-widget_type=\"icon-list.default\">\n\t\t\t\t<div class=\"elementor-widget-container\">\n\t\t\t\t\t<ul class=\"elementor-icon-list-items\">\n\t\t\t\t\t\t\t<li class=\"elementor-icon-list-item\">\n\t\t\t\t\t\t\t\t\t\t\t<a href=\"https:\/\/goo.gl\/maps\/t54GfNPgRUEg65zXA\" target=\"_blank\">\n\n\t\t\t\t\t\t\t\t\t\t\t\t<span class=\"elementor-icon-list-icon\">\n\t\t\t\t\t\t\t<i aria-hidden=\"true\" class=\"fas fa-map-marker-alt\"><\/i>\t\t\t\t\t\t<\/span>\n\t\t\t\t\t\t\t\t\t\t<span class=\"elementor-icon-list-text\">Tydje N Torpane 190, 662 98 T\u00f6sse, Schweden<\/span>\n\t\t\t\t\t\t\t\t\t\t\t<\/a>\n\t\t\t\t\t\t\t\t\t<\/li>\n\t\t\t\t\t\t\t\t<li class=\"elementor-icon-list-item\">\n\t\t\t\t\t\t\t\t\t\t\t<span class=\"elementor-icon-list-icon\">\n\t\t\t\t\t\t\t<i aria-hidden=\"true\" class=\"fas fa-map-marked-alt\"><\/i>\t\t\t\t\t\t<\/span>\n\t\t\t\t\t\t\t\t\t\t<span class=\"elementor-icon-list-text\">Koordinaten: 58.96667060610582, 12.613920140920639<\/span>\n\t\t\t\t\t\t\t\t\t<\/li>\n\t\t\t\t\t\t<\/ul>\n\t\t\t\t<\/div>\n\t\t\t\t<\/div>\n\t\t\t\t<div class=\"elementor-element elementor-element-5a8b14c elementor-icon-list--layout-traditional elementor-list-item-link-full_width elementor-widget elementor-widget-icon-list\" data-id=\"5a8b14c\" data-element_type=\"widget\" data-widget_type=\"icon-list.default\">\n\t\t\t\t<div class=\"elementor-widget-container\">\n\t\t\t\t\t<ul class=\"elementor-icon-list-items\">\n\t\t\t\t\t\t\t<li class=\"elementor-icon-list-item\">\n\t\t\t\t\t\t\t\t\t\t\t<a href=\"tel:0046532-201%2040\">\n\n\t\t\t\t\t\t\t\t\t\t\t\t<span class=\"elementor-icon-list-icon\">\n\t\t\t\t\t\t\t<i aria-hidden=\"true\" class=\"fas fa-phone-alt\"><\/i>\t\t\t\t\t\t<\/span>\n\t\t\t\t\t\t\t\t\t\t<span class=\"elementor-icon-list-text\">+46 (0)532-201 40<\/span>\n\t\t\t\t\t\t\t\t\t\t\t<\/a>\n\t\t\t\t\t\t\t\t\t<\/li>\n\t\t\t\t\t\t\t\t<li class=\"elementor-icon-list-item\">\n\t\t\t\t\t\t\t\t\t\t\t<a href=\"tel:0046705141633\">\n\n\t\t\t\t\t\t\t\t\t\t\t\t<span class=\"elementor-icon-list-icon\">\n\t\t\t\t\t\t\t<i aria-hidden=\"true\" class=\"fas fa-phone-alt\"><\/i>\t\t\t\t\t\t<\/span>\n\t\t\t\t\t\t\t\t\t\t<span class=\"elementor-icon-list-text\">+46 (0)70-514 16 33<\/span>\n\t\t\t\t\t\t\t\t\t\t\t<\/a>\n\t\t\t\t\t\t\t\t\t<\/li>\n\t\t\t\t\t\t<\/ul>\n\t\t\t\t<\/div>\n\t\t\t\t<\/div>\n\t\t\t\t<div class=\"elementor-element elementor-element-027ece5 elementor-icon-list--layout-traditional elementor-list-item-link-full_width elementor-widget elementor-widget-icon-list\" data-id=\"027ece5\" data-element_type=\"widget\" data-widget_type=\"icon-list.default\">\n\t\t\t\t<div class=\"elementor-widget-container\">\n\t\t\t\t\t<ul class=\"elementor-icon-list-items\">\n\t\t\t\t\t\t\t<li class=\"elementor-icon-list-item\">\n\t\t\t\t\t\t\t\t\t\t\t<a href=\"mailto:info@tossestugan.se\">\n\n\t\t\t\t\t\t\t\t\t\t\t\t<span class=\"elementor-icon-list-icon\">\n\t\t\t\t\t\t\t<i aria-hidden=\"true\" class=\"far fa-envelope\"><\/i>\t\t\t\t\t\t<\/span>\n\t\t\t\t\t\t\t\t\t\t<span class=\"elementor-icon-list-text\">info@tossestugan.se<\/span>\n\t\t\t\t\t\t\t\t\t\t\t<\/a>\n\t\t\t\t\t\t\t\t\t<\/li>\n\t\t\t\t\t\t<\/ul>\n\t\t\t\t<\/div>\n\t\t\t\t<\/div>\n\t\t\t\t<div class=\"elementor-element elementor-element-2dbd905 elementor-icon-list--layout-traditional elementor-list-item-link-full_width elementor-widget elementor-widget-icon-list\" data-id=\"2dbd905\" data-element_type=\"widget\" data-widget_type=\"icon-list.default\">\n\t\t\t\t<div class=\"elementor-widget-container\">\n\t\t\t\t\t<ul class=\"elementor-icon-list-items\">\n\t\t\t\t\t\t\t<li class=\"elementor-icon-list-item\">\n\t\t\t\t\t\t\t\t\t\t\t<a href=\"https:\/\/www.facebook.com\/tossestugan\" target=\"_blank\">\n\n\t\t\t\t\t\t\t\t\t\t\t\t<span class=\"elementor-icon-list-icon\">\n\t\t\t\t\t\t\t<i aria-hidden=\"true\" class=\"fab fa-facebook\"><\/i>\t\t\t\t\t\t<\/span>\n\t\t\t\t\t\t\t\t\t\t<span class=\"elementor-icon-list-text\">@tossestugan<\/span>\n\t\t\t\t\t\t\t\t\t\t\t<\/a>\n\t\t\t\t\t\t\t\t\t<\/li>\n\t\t\t\t\t\t\t\t<li class=\"elementor-icon-list-item\">\n\t\t\t\t\t\t\t\t\t\t\t<a href=\"https:\/\/www.instagram.com\/tossestugan\" target=\"_blank\">\n\n\t\t\t\t\t\t\t\t\t\t\t\t<span class=\"elementor-icon-list-icon\">\n\t\t\t\t\t\t\t<i aria-hidden=\"true\" class=\"fab fa-instagram\"><\/i>\t\t\t\t\t\t<\/span>\n\t\t\t\t\t\t\t\t\t\t<span class=\"elementor-icon-list-text\">@tossestugan<\/span>\n\t\t\t\t\t\t\t\t\t\t\t<\/a>\n\t\t\t\t\t\t\t\t\t<\/li>\n\t\t\t\t\t\t<\/ul>\n\t\t\t\t<\/div>\n\t\t\t\t<\/div>\n\t\t\t\t\t\t<\/div>\n\t\t\t\t\t<\/div>\n\t\t<\/div>\n\t\t\t\t\t\t\t\t<\/div>\n\t\t\t\t\t<\/div>\n\t\t<\/section>\n\t\t\t\t\t\t\t\t\t<\/div>\n\t\t\t<\/div>\n\t\t\t\t\t<\/div>\n\t\t","protected":false},"excerpt":{"rendered":"<p>Hier findest du uns Wir befinden uns 12 km s\u00fcdlich von \u00c5m\u00e5l und Sie k\u00f6nnen leicht von der E45 abbiegen. Wir haben auch gute Parkm\u00f6glichkeiten f\u00fcr gr\u00f6\u00dfere Fahrzeuge wie Wohnmobile, Busse und Lastwagen. Ansicht Google Maps Kontakt &#038; Buchungen Bitte kontaktieren Sie uns per Telefon oder E-Mail, um gr\u00f6\u00dfere Gruppen, Veranstaltungen, Konferenzen oder Hotelzimmer zu [&hellip;]<\/p>\n","protected":false},"author":1,"featured_media":0,"parent":0,"menu_order":0,"comment_status":"closed","ping_status":"closed","template":"","meta":{"inline_featured_image":false},"yoast_head":"<!-- This site is optimized with the Yoast SEO plugin v20.2.1 - https:\/\/yoast.com\/wordpress\/plugins\/seo\/ -->\n<title>Kontakt | T\u00f6ssestugan<\/title>\n<meta name=\"robots\" content=\"index, follow, max-snippet:-1, max-image-preview:large, max-video-preview:-1\" \/>\n<link rel=\"canonical\" href=\"https:\/\/www.tossestugan.se\/de\/kontakt\/\" \/>\n<meta property=\"og:locale\" content=\"de_DE\" \/>\n<meta property=\"og:type\" content=\"article\" \/>\n<meta property=\"og:title\" content=\"Kontakt | T\u00f6ssestugan\" \/>\n<meta property=\"og:description\" content=\"Hier findest du uns Wir befinden uns 12 km s\u00fcdlich von \u00c5m\u00e5l und Sie k\u00f6nnen leicht von der E45 abbiegen. Wir haben auch gute Parkm\u00f6glichkeiten f\u00fcr gr\u00f6\u00dfere Fahrzeuge wie Wohnmobile, Busse und Lastwagen. Ansicht Google Maps Kontakt &#038; Buchungen Bitte kontaktieren Sie uns per Telefon oder E-Mail, um gr\u00f6\u00dfere Gruppen, Veranstaltungen, Konferenzen oder Hotelzimmer zu [&hellip;]\" \/>\n<meta property=\"og:url\" content=\"https:\/\/www.tossestugan.se\/de\/kontakt\/\" \/>\n<meta property=\"og:site_name\" content=\"T\u00f6ssestugan\" \/>\n<meta property=\"article:publisher\" content=\"https:\/\/www.facebook.com\/tossestugan\" \/>\n<meta property=\"og:image\" content=\"https:\/\/www.tossestugan.se\/wp-content\/uploads\/2021\/02\/tossestugan-restaurang.jpg\" \/>\n\t<meta property=\"og:image:width\" content=\"1350\" \/>\n\t<meta property=\"og:image:height\" content=\"900\" \/>\n\t<meta property=\"og:image:type\" content=\"image\/jpeg\" \/>\n<meta name=\"twitter:card\" content=\"summary_large_image\" \/>\n<script type=\"application\/ld+json\" class=\"yoast-schema-graph\">{\"@context\":\"https:\/\/schema.org\",\"@graph\":[{\"@type\":\"WebPage\",\"@id\":\"https:\/\/www.tossestugan.se\/de\/kontakt\/\",\"url\":\"https:\/\/www.tossestugan.se\/de\/kontakt\/\",\"name\":\"Kontakt | T\u00f6ssestugan\",\"isPartOf\":{\"@id\":\"https:\/\/www.tossestugan.se\/de\/#website\"},\"datePublished\":\"2021-06-03T21:17:38+00:00\",\"dateModified\":\"2021-06-03T21:17:38+00:00\",\"breadcrumb\":{\"@id\":\"https:\/\/www.tossestugan.se\/de\/kontakt\/#breadcrumb\"},\"inLanguage\":\"de\",\"potentialAction\":[{\"@type\":\"ReadAction\",\"target\":[\"https:\/\/www.tossestugan.se\/de\/kontakt\/\"]}]},{\"@type\":\"BreadcrumbList\",\"@id\":\"https:\/\/www.tossestugan.se\/de\/kontakt\/#breadcrumb\",\"itemListElement\":[{\"@type\":\"ListItem\",\"position\":1,\"name\":\"Hem\",\"item\":\"https:\/\/www.tossestugan.se\/de\/\"},{\"@type\":\"ListItem\",\"position\":2,\"name\":\"Kontakt\"}]},{\"@type\":\"WebSite\",\"@id\":\"https:\/\/www.tossestugan.se\/de\/#website\",\"url\":\"https:\/\/www.tossestugan.se\/de\/\",\"name\":\"T\u00f6ssestugan\",\"description\":\"Restaurang &amp; hotell n\u00e4ra \u00c5m\u00e5l vid E45:an\",\"publisher\":{\"@id\":\"https:\/\/www.tossestugan.se\/de\/#organization\"},\"potentialAction\":[{\"@type\":\"SearchAction\",\"target\":{\"@type\":\"EntryPoint\",\"urlTemplate\":\"https:\/\/www.tossestugan.se\/de\/?s={search_term_string}\"},\"query-input\":\"required name=search_term_string\"}],\"inLanguage\":\"de\"},{\"@type\":\"Organization\",\"@id\":\"https:\/\/www.tossestugan.se\/de\/#organization\",\"name\":\"T\u00f6ssestugan\",\"url\":\"https:\/\/www.tossestugan.se\/de\/\",\"logo\":{\"@type\":\"ImageObject\",\"inLanguage\":\"de\",\"@id\":\"https:\/\/www.tossestugan.se\/de\/#\/schema\/logo\/image\/\",\"url\":\"https:\/\/www.tossestugan.se\/wp-content\/uploads\/2021\/01\/tossestugan-grey-logo.svg\",\"contentUrl\":\"https:\/\/www.tossestugan.se\/wp-content\/uploads\/2021\/01\/tossestugan-grey-logo.svg\",\"width\":\"1024\",\"height\":\"1024\",\"caption\":\"T\u00f6ssestugan\"},\"image\":{\"@id\":\"https:\/\/www.tossestugan.se\/de\/#\/schema\/logo\/image\/\"},\"sameAs\":[\"https:\/\/www.facebook.com\/tossestugan\",\"https:\/\/www.instagram.com\/tossestugan\"]}]}<\/script>\n<!-- \/ Yoast SEO plugin. -->","yoast_head_json":{"title":"Kontakt | T\u00f6ssestugan","robots":{"index":"index","follow":"follow","max-snippet":"max-snippet:-1","max-image-preview":"max-image-preview:large","max-video-preview":"max-video-preview:-1"},"canonical":"https:\/\/www.tossestugan.se\/de\/kontakt\/","og_locale":"de_DE","og_type":"article","og_title":"Kontakt | T\u00f6ssestugan","og_description":"Hier findest du uns Wir befinden uns 12 km s\u00fcdlich von \u00c5m\u00e5l und Sie k\u00f6nnen leicht von der E45 abbiegen. Wir haben auch gute Parkm\u00f6glichkeiten f\u00fcr gr\u00f6\u00dfere Fahrzeuge wie Wohnmobile, Busse und Lastwagen. Ansicht Google Maps Kontakt &#038; Buchungen Bitte kontaktieren Sie uns per Telefon oder E-Mail, um gr\u00f6\u00dfere Gruppen, Veranstaltungen, Konferenzen oder Hotelzimmer zu [&hellip;]","og_url":"https:\/\/www.tossestugan.se\/de\/kontakt\/","og_site_name":"T\u00f6ssestugan","article_publisher":"https:\/\/www.facebook.com\/tossestugan","og_image":[{"width":1350,"height":900,"url":"https:\/\/www.tossestugan.se\/wp-content\/uploads\/2021\/02\/tossestugan-restaurang.jpg","type":"image\/jpeg"}],"twitter_card":"summary_large_image","schema":{"@context":"https:\/\/schema.org","@graph":[{"@type":"WebPage","@id":"https:\/\/www.tossestugan.se\/de\/kontakt\/","url":"https:\/\/www.tossestugan.se\/de\/kontakt\/","name":"Kontakt | T\u00f6ssestugan","isPartOf":{"@id":"https:\/\/www.tossestugan.se\/de\/#website"},"datePublished":"2021-06-03T21:17:38+00:00","dateModified":"2021-06-03T21:17:38+00:00","breadcrumb":{"@id":"https:\/\/www.tossestugan.se\/de\/kontakt\/#breadcrumb"},"inLanguage":"de","potentialAction":[{"@type":"ReadAction","target":["https:\/\/www.tossestugan.se\/de\/kontakt\/"]}]},{"@type":"BreadcrumbList","@id":"https:\/\/www.tossestugan.se\/de\/kontakt\/#breadcrumb","itemListElement":[{"@type":"ListItem","position":1,"name":"Hem","item":"https:\/\/www.tossestugan.se\/de\/"},{"@type":"ListItem","position":2,"name":"Kontakt"}]},{"@type":"WebSite","@id":"https:\/\/www.tossestugan.se\/de\/#website","url":"https:\/\/www.tossestugan.se\/de\/","name":"T\u00f6ssestugan","description":"Restaurang &amp; hotell n\u00e4ra \u00c5m\u00e5l vid E45:an","publisher":{"@id":"https:\/\/www.tossestugan.se\/de\/#organization"},"potentialAction":[{"@type":"SearchAction","target":{"@type":"EntryPoint","urlTemplate":"https:\/\/www.tossestugan.se\/de\/?s={search_term_string}"},"query-input":"required name=search_term_string"}],"inLanguage":"de"},{"@type":"Organization","@id":"https:\/\/www.tossestugan.se\/de\/#organization","name":"T\u00f6ssestugan","url":"https:\/\/www.tossestugan.se\/de\/","logo":{"@type":"ImageObject","inLanguage":"de","@id":"https:\/\/www.tossestugan.se\/de\/#\/schema\/logo\/image\/","url":"https:\/\/www.tossestugan.se\/wp-content\/uploads\/2021\/01\/tossestugan-grey-logo.svg","contentUrl":"https:\/\/www.tossestugan.se\/wp-content\/uploads\/2021\/01\/tossestugan-grey-logo.svg","width":"1024","height":"1024","caption":"T\u00f6ssestugan"},"image":{"@id":"https:\/\/www.tossestugan.se\/de\/#\/schema\/logo\/image\/"},"sameAs":["https:\/\/www.facebook.com\/tossestugan","https:\/\/www.instagram.com\/tossestugan"]}]}},"_links":{"self":[{"href":"https:\/\/www.tossestugan.se\/de\/wp-json\/wp\/v2\/pages\/1381"}],"collection":[{"href":"https:\/\/www.tossestugan.se\/de\/wp-json\/wp\/v2\/pages"}],"about":[{"href":"https:\/\/www.tossestugan.se\/de\/wp-json\/wp\/v2\/types\/page"}],"author":[{"embeddable":true,"href":"https:\/\/www.tossestugan.se\/de\/wp-json\/wp\/v2\/users\/1"}],"replies":[{"embeddable":true,"href":"https:\/\/www.tossestugan.se\/de\/wp-json\/wp\/v2\/comments?post=1381"}],"version-history":[{"count":1,"href":"https:\/\/www.tossestugan.se\/de\/wp-json\/wp\/v2\/pages\/1381\/revisions"}],"predecessor-version":[{"id":1382,"href":"https:\/\/www.tossestugan.se\/de\/wp-json\/wp\/v2\/pages\/1381\/revisions\/1382"}],"wp:attachment":[{"href":"https:\/\/www.tossestugan.se\/de\/wp-json\/wp\/v2\/media?parent=1381"}],"curies":[{"name":"wp","href":"https:\/\/api.w.org\/{rel}","templated":true}]}}