{"id":1237,"date":"2021-06-01T15:33:07","date_gmt":"2021-06-01T15:33:07","guid":{"rendered":"https:\/\/www.tossestugan.se\/catering\/"},"modified":"2021-06-04T16:22:29","modified_gmt":"2021-06-04T16:22:29","slug":"catering","status":"publish","type":"page","link":"https:\/\/www.tossestugan.se\/en\/catering\/","title":{"rendered":"Catering"},"content":{"rendered":"\t\t<div data-elementor-type=\"wp-page\" data-elementor-id=\"1237\" class=\"elementor elementor-1237 elementor-702\">\n\t\t\t\t\t\t<div class=\"elementor-inner\">\n\t\t\t\t<div class=\"elementor-section-wrap\">\n\t\t\t\t\t\t\t\t\t<section class=\"elementor-section elementor-top-section elementor-element elementor-element-4175f1b1 elementor-section-boxed elementor-section-height-default elementor-section-height-default\" data-id=\"4175f1b1\" data-element_type=\"section\">\n\t\t\t\t\t\t<div class=\"elementor-container elementor-column-gap-default\">\n\t\t\t\t\t\t\t<div class=\"elementor-row\">\n\t\t\t\t\t<div class=\"elementor-column elementor-col-100 elementor-top-column elementor-element elementor-element-3b0d7931\" data-id=\"3b0d7931\" data-element_type=\"column\" data-settings=\"{&quot;background_background&quot;:&quot;classic&quot;}\">\n\t\t\t<div class=\"elementor-column-wrap elementor-element-populated\">\n\t\t\t\t\t\t\t<div class=\"elementor-widget-wrap\">\n\t\t\t\t\t\t<section class=\"elementor-section elementor-inner-section elementor-element elementor-element-c5f1133 elementor-section-full_width elementor-reverse-tablet elementor-reverse-mobile elementor-section-height-default elementor-section-height-default\" data-id=\"c5f1133\" data-element_type=\"section\">\n\t\t\t\t\t\t<div class=\"elementor-container elementor-column-gap-default\">\n\t\t\t\t\t\t\t<div class=\"elementor-row\">\n\t\t\t\t\t<div class=\"elementor-column elementor-col-50 elementor-inner-column elementor-element elementor-element-1c29d893\" data-id=\"1c29d893\" data-element_type=\"column\">\n\t\t\t<div class=\"elementor-column-wrap elementor-element-populated\">\n\t\t\t\t\t\t\t<div class=\"elementor-widget-wrap\">\n\t\t\t\t\t\t<div class=\"elementor-element elementor-element-545bba4 elementor-cta--valign-middle elementor-cta--skin-classic elementor-animated-content elementor-bg-transform elementor-bg-transform-zoom-in elementor-widget elementor-widget-call-to-action\" data-id=\"545bba4\" data-element_type=\"widget\" data-widget_type=\"call-to-action.default\">\n\t\t\t\t<div class=\"elementor-widget-container\">\n\t\t\t\t\t<div class=\"elementor-cta\">\n\t\t\t\t\t\t\t<div class=\"elementor-cta__content\">\n\t\t\t\t\n\t\t\t\t<h2 class=\"elementor-cta__title elementor-cta__content-item elementor-content-item\">Catering<\/h2>\n\t\t\t\t\t\t\t\t\t<div class=\"elementor-cta__description elementor-cta__content-item elementor-content-item\">\n\t\t\t\t\t\t<p><span style=\"font-weight: 400;\">We cater for all your culinary needs, private, office, wedding, funeral gatherings or any other event.\u00a0 Whatever your occasion we promise a professional and quality service.<\/span><\/p>\n\t\t\t\t\t<\/div>\n\t\t\t\t\n\t\t\t\t\t\t\t\t\t<div class=\"elementor-cta__button-wrapper elementor-cta__content-item elementor-content-item \">\n\t\t\t\t\t<a class=\"elementor-cta__button elementor-button elementor-size-sm\" href=\"https:\/\/www.tossestugan.se\/en\/contact\/\" target=\"_blank\">\n\t\t\t\t\t\tOrder\t\t\t\t\t<\/a>\n\t\t\t\t\t<\/div>\n\t\t\t\t\t\t\t<\/div>\n\t\t\t\t\t\t<\/div>\n\t\t\t\t<\/div>\n\t\t\t\t<\/div>\n\t\t\t\t\t\t<\/div>\n\t\t\t\t\t<\/div>\n\t\t<\/div>\n\t\t\t\t<div class=\"elementor-column elementor-col-50 elementor-inner-column elementor-element elementor-element-6579c0ef\" data-id=\"6579c0ef\" data-element_type=\"column\">\n\t\t\t<div class=\"elementor-column-wrap elementor-element-populated\">\n\t\t\t\t\t\t\t<div class=\"elementor-widget-wrap\">\n\t\t\t\t\t\t<div class=\"elementor-element elementor-element-12d4f225 elementor-widget elementor-widget-spacer\" data-id=\"12d4f225\" data-element_type=\"widget\" data-widget_type=\"spacer.default\">\n\t\t\t\t<div class=\"elementor-widget-container\">\n\t\t\t\t\t<div class=\"elementor-spacer\">\n\t\t\t<div class=\"elementor-spacer-inner\"><\/div>\n\t\t<\/div>\n\t\t\t\t<\/div>\n\t\t\t\t<\/div>\n\t\t\t\t\t\t<\/div>\n\t\t\t\t\t<\/div>\n\t\t<\/div>\n\t\t\t\t\t\t\t\t<\/div>\n\t\t\t\t\t<\/div>\n\t\t<\/section>\n\t\t\t\t\t\t<\/div>\n\t\t\t\t\t<\/div>\n\t\t<\/div>\n\t\t\t\t\t\t\t\t<\/div>\n\t\t\t\t\t<\/div>\n\t\t<\/section>\n\t\t\t\t<section class=\"elementor-section elementor-top-section elementor-element elementor-element-5bfcb786 elementor-section-height-min-height elementor-section-content-middle elementor-section-items-stretch elementor-section-boxed elementor-section-height-default\" data-id=\"5bfcb786\" data-element_type=\"section\">\n\t\t\t\t\t\t<div class=\"elementor-container elementor-column-gap-default\">\n\t\t\t\t\t\t\t<div class=\"elementor-row\">\n\t\t\t\t\t<div class=\"elementor-column elementor-col-50 elementor-top-column elementor-element elementor-element-78e3343e\" data-id=\"78e3343e\" data-element_type=\"column\" data-settings=\"{&quot;background_background&quot;:&quot;classic&quot;}\">\n\t\t\t<div class=\"elementor-column-wrap elementor-element-populated\">\n\t\t\t\t\t\t\t<div class=\"elementor-widget-wrap\">\n\t\t\t\t\t\t<div class=\"elementor-element elementor-element-7e8e3e2b elementor-widget elementor-widget-spacer\" data-id=\"7e8e3e2b\" data-element_type=\"widget\" data-widget_type=\"spacer.default\">\n\t\t\t\t<div class=\"elementor-widget-container\">\n\t\t\t\t\t<div class=\"elementor-spacer\">\n\t\t\t<div class=\"elementor-spacer-inner\"><\/div>\n\t\t<\/div>\n\t\t\t\t<\/div>\n\t\t\t\t<\/div>\n\t\t\t\t\t\t<\/div>\n\t\t\t\t\t<\/div>\n\t\t<\/div>\n\t\t\t\t<div class=\"elementor-column elementor-col-50 elementor-top-column elementor-element elementor-element-4cc693\" data-id=\"4cc693\" data-element_type=\"column\">\n\t\t\t<div class=\"elementor-column-wrap elementor-element-populated\">\n\t\t\t\t\t\t\t<div class=\"elementor-widget-wrap\">\n\t\t\t\t\t\t<section class=\"elementor-section elementor-inner-section elementor-element elementor-element-774f4e4b animated-slow elementor-section-boxed elementor-section-height-default elementor-section-height-default elementor-invisible\" data-id=\"774f4e4b\" data-element_type=\"section\" data-settings=\"{&quot;animation&quot;:&quot;fadeIn&quot;}\">\n\t\t\t\t\t\t<div class=\"elementor-container elementor-column-gap-default\">\n\t\t\t\t\t\t\t<div class=\"elementor-row\">\n\t\t\t\t\t<div class=\"elementor-column elementor-col-100 elementor-inner-column elementor-element elementor-element-2119e4e3\" data-id=\"2119e4e3\" data-element_type=\"column\">\n\t\t\t<div class=\"elementor-column-wrap elementor-element-populated\">\n\t\t\t\t\t\t\t<div class=\"elementor-widget-wrap\">\n\t\t\t\t\t\t<div class=\"elementor-element elementor-element-717a3e05 elementor-widget elementor-widget-heading\" data-id=\"717a3e05\" data-element_type=\"widget\" data-widget_type=\"heading.default\">\n\t\t\t\t<div class=\"elementor-widget-container\">\n\t\t\t<h2 class=\"elementor-heading-title elementor-size-default\">Take away service<\/h2>\t\t<\/div>\n\t\t\t\t<\/div>\n\t\t\t\t<div class=\"elementor-element elementor-element-56e7896a elementor-widget elementor-widget-text-editor\" data-id=\"56e7896a\" data-element_type=\"widget\" data-widget_type=\"text-editor.default\">\n\t\t\t\t<div class=\"elementor-widget-container\">\n\t\t\t\t\t\t\t\t<div class=\"elementor-text-editor elementor-clearfix\">\n\t\t\t\t<p><span style=\"font-weight: 400;\">All our homemade dishes can be ordered at a mutually agreeable timescale, we are unfortunately unable to deliver.<\/span><\/p>\t\t\t\t\t<\/div>\n\t\t\t\t\t\t<\/div>\n\t\t\t\t<\/div>\n\t\t\t\t<div class=\"elementor-element elementor-element-64826022 elementor-icon-list--layout-traditional elementor-list-item-link-full_width elementor-widget elementor-widget-icon-list\" data-id=\"64826022\" data-element_type=\"widget\" data-widget_type=\"icon-list.default\">\n\t\t\t\t<div class=\"elementor-widget-container\">\n\t\t\t\t\t<ul class=\"elementor-icon-list-items\">\n\t\t\t\t\t\t\t<li class=\"elementor-icon-list-item\">\n\t\t\t\t\t\t\t\t\t\t\t<span class=\"elementor-icon-list-icon\">\n\t\t\t\t\t\t\t<i aria-hidden=\"true\" class=\"fas fa-check\"><\/i>\t\t\t\t\t\t<\/span>\n\t\t\t\t\t\t\t\t\t\t<span class=\"elementor-icon-list-text\">Sandwiches<\/span>\n\t\t\t\t\t\t\t\t\t<\/li>\n\t\t\t\t\t\t\t\t<li class=\"elementor-icon-list-item\">\n\t\t\t\t\t\t\t\t\t\t\t<span class=\"elementor-icon-list-icon\">\n\t\t\t\t\t\t\t<i aria-hidden=\"true\" class=\"fas fa-check\"><\/i>\t\t\t\t\t\t<\/span>\n\t\t\t\t\t\t\t\t\t\t<span class=\"elementor-icon-list-text\">Cakes, biscuits and confectionary <\/span>\n\t\t\t\t\t\t\t\t\t<\/li>\n\t\t\t\t\t\t\t\t<li class=\"elementor-icon-list-item\">\n\t\t\t\t\t\t\t\t\t\t\t<span class=\"elementor-icon-list-icon\">\n\t\t\t\t\t\t\t<i aria-hidden=\"true\" class=\"fas fa-check\"><\/i>\t\t\t\t\t\t<\/span>\n\t\t\t\t\t\t\t\t\t\t<span class=\"elementor-icon-list-text\">Prawn sandwiches<\/span>\n\t\t\t\t\t\t\t\t\t<\/li>\n\t\t\t\t\t\t\t\t<li class=\"elementor-icon-list-item\">\n\t\t\t\t\t\t\t\t\t\t\t<span class=\"elementor-icon-list-icon\">\n\t\t\t\t\t\t\t<i aria-hidden=\"true\" class=\"fas fa-check\"><\/i>\t\t\t\t\t\t<\/span>\n\t\t\t\t\t\t\t\t\t\t<span class=\"elementor-icon-list-text\">Pre ordered birthday cakes<\/span>\n\t\t\t\t\t\t\t\t\t<\/li>\n\t\t\t\t\t\t\t\t<li class=\"elementor-icon-list-item\">\n\t\t\t\t\t\t\t\t\t\t\t<a href=\"https:\/\/www.tossestugan.se\/meny\/\">\n\n\t\t\t\t\t\t\t\t\t\t\t\t<span class=\"elementor-icon-list-icon\">\n\t\t\t\t\t\t\t<i aria-hidden=\"true\" class=\"fas fa-check\"><\/i>\t\t\t\t\t\t<\/span>\n\t\t\t\t\t\t\t\t\t\t<span class=\"elementor-icon-list-text\">Pre ordered sandwich cakes for small or large gatherings<\/span>\n\t\t\t\t\t\t\t\t\t\t\t<\/a>\n\t\t\t\t\t\t\t\t\t<\/li>\n\t\t\t\t\t\t\t\t<li class=\"elementor-icon-list-item\">\n\t\t\t\t\t\t\t\t\t\t\t<span class=\"elementor-icon-list-icon\">\n\t\t\t\t\t\t\t<i aria-hidden=\"true\" class=\"fas fa-check\"><\/i>\t\t\t\t\t\t<\/span>\n\t\t\t\t\t\t\t\t\t\t<span class=\"elementor-icon-list-text\">Special requests<\/span>\n\t\t\t\t\t\t\t\t\t<\/li>\n\t\t\t\t\t\t<\/ul>\n\t\t\t\t<\/div>\n\t\t\t\t<\/div>\n\t\t\t\t\t\t<\/div>\n\t\t\t\t\t<\/div>\n\t\t<\/div>\n\t\t\t\t\t\t\t\t<\/div>\n\t\t\t\t\t<\/div>\n\t\t<\/section>\n\t\t\t\t<section class=\"elementor-section elementor-inner-section elementor-element elementor-element-4e11f81c animated-slow elementor-section-boxed elementor-section-height-default elementor-section-height-default elementor-invisible\" data-id=\"4e11f81c\" data-element_type=\"section\" data-settings=\"{&quot;animation&quot;:&quot;fadeIn&quot;}\">\n\t\t\t\t\t\t<div class=\"elementor-container elementor-column-gap-default\">\n\t\t\t\t\t\t\t<div class=\"elementor-row\">\n\t\t\t\t\t<div class=\"elementor-column elementor-col-100 elementor-inner-column elementor-element elementor-element-7626c320\" data-id=\"7626c320\" data-element_type=\"column\">\n\t\t\t<div class=\"elementor-column-wrap elementor-element-populated\">\n\t\t\t\t\t\t\t<div class=\"elementor-widget-wrap\">\n\t\t\t\t\t\t<div class=\"elementor-element elementor-element-8c5853d elementor-widget elementor-widget-image\" data-id=\"8c5853d\" data-element_type=\"widget\" data-widget_type=\"image.default\">\n\t\t\t\t<div class=\"elementor-widget-container\">\n\t\t\t\t\t\t\t\t<div class=\"elementor-image\">\n\t\t\t\t\t\t\t\t\t\t\t\t<img decoding=\"async\" width=\"800\" height=\"534\" src=\"https:\/\/www.tossestugan.se\/wp-content\/uploads\/2021\/02\/lax.jpg\" class=\"attachment-large size-large wp-image-1197\" alt=\"Salmon\" loading=\"lazy\" srcset=\"https:\/\/www.tossestugan.se\/wp-content\/uploads\/2021\/02\/lax.jpg 1024w, https:\/\/www.tossestugan.se\/wp-content\/uploads\/2021\/02\/lax-300x200.jpg 300w, https:\/\/www.tossestugan.se\/wp-content\/uploads\/2021\/02\/lax-768x512.jpg 768w\" sizes=\"(max-width: 800px) 100vw, 800px\" \/>\t\t\t\t\t\t\t\t\t\t\t\t\t\t<\/div>\n\t\t\t\t\t\t<\/div>\n\t\t\t\t<\/div>\n\t\t\t\t\t\t<\/div>\n\t\t\t\t\t<\/div>\n\t\t<\/div>\n\t\t\t\t\t\t\t\t<\/div>\n\t\t\t\t\t<\/div>\n\t\t<\/section>\n\t\t\t\t\t\t<\/div>\n\t\t\t\t\t<\/div>\n\t\t<\/div>\n\t\t\t\t\t\t\t\t<\/div>\n\t\t\t\t\t<\/div>\n\t\t<\/section>\n\t\t\t\t\t\t\t\t\t<\/div>\n\t\t\t<\/div>\n\t\t\t\t\t<\/div>\n\t\t","protected":false},"excerpt":{"rendered":"<p>Catering We cater for all your culinary needs, private, office, wedding, funeral gatherings or any other event.\u00a0 Whatever your occasion we promise a professional and quality service. Order Take away service All our homemade dishes can be ordered at a mutually agreeable timescale, we are unfortunately unable to deliver. Sandwiches Cakes, biscuits and confectionary Prawn [&hellip;]<\/p>\n","protected":false},"author":1,"featured_media":0,"parent":0,"menu_order":0,"comment_status":"closed","ping_status":"closed","template":"","meta":{"inline_featured_image":false},"yoast_head":"<!-- This site is optimized with the Yoast SEO plugin v20.2.1 - https:\/\/yoast.com\/wordpress\/plugins\/seo\/ -->\n<title>Catering | T\u00f6ssestugan<\/title>\n<meta name=\"robots\" content=\"index, follow, max-snippet:-1, max-image-preview:large, max-video-preview:-1\" \/>\n<link rel=\"canonical\" href=\"https:\/\/www.tossestugan.se\/en\/catering\/\" \/>\n<meta property=\"og:locale\" content=\"en_US\" \/>\n<meta property=\"og:type\" content=\"article\" \/>\n<meta property=\"og:title\" content=\"Catering | T\u00f6ssestugan\" \/>\n<meta property=\"og:description\" content=\"Catering We cater for all your culinary needs, private, office, wedding, funeral gatherings or any other event.\u00a0 Whatever your occasion we promise a professional and quality service. Order Take away service All our homemade dishes can be ordered at a mutually agreeable timescale, we are unfortunately unable to deliver. Sandwiches Cakes, biscuits and confectionary Prawn [&hellip;]\" \/>\n<meta property=\"og:url\" content=\"https:\/\/www.tossestugan.se\/en\/catering\/\" \/>\n<meta property=\"og:site_name\" content=\"T\u00f6ssestugan\" \/>\n<meta property=\"article:publisher\" content=\"https:\/\/www.facebook.com\/tossestugan\" \/>\n<meta property=\"article:modified_time\" content=\"2021-06-04T16:22:29+00:00\" \/>\n<meta property=\"og:image\" content=\"https:\/\/www.tossestugan.se\/wp-content\/uploads\/2021\/02\/lax.jpg\" \/>\n<meta name=\"twitter:card\" content=\"summary_large_image\" \/>\n<meta name=\"twitter:label1\" content=\"Est. reading time\" \/>\n\t<meta name=\"twitter:data1\" content=\"1 minute\" \/>\n<script type=\"application\/ld+json\" class=\"yoast-schema-graph\">{\"@context\":\"https:\/\/schema.org\",\"@graph\":[{\"@type\":\"WebPage\",\"@id\":\"https:\/\/www.tossestugan.se\/en\/catering\/\",\"url\":\"https:\/\/www.tossestugan.se\/en\/catering\/\",\"name\":\"Catering | T\u00f6ssestugan\",\"isPartOf\":{\"@id\":\"https:\/\/www.tossestugan.se\/en\/#website\"},\"datePublished\":\"2021-06-01T15:33:07+00:00\",\"dateModified\":\"2021-06-04T16:22:29+00:00\",\"breadcrumb\":{\"@id\":\"https:\/\/www.tossestugan.se\/en\/catering\/#breadcrumb\"},\"inLanguage\":\"en-US\",\"potentialAction\":[{\"@type\":\"ReadAction\",\"target\":[\"https:\/\/www.tossestugan.se\/en\/catering\/\"]}]},{\"@type\":\"BreadcrumbList\",\"@id\":\"https:\/\/www.tossestugan.se\/en\/catering\/#breadcrumb\",\"itemListElement\":[{\"@type\":\"ListItem\",\"position\":1,\"name\":\"Hem\",\"item\":\"https:\/\/www.tossestugan.se\/en\/\"},{\"@type\":\"ListItem\",\"position\":2,\"name\":\"Catering\"}]},{\"@type\":\"WebSite\",\"@id\":\"https:\/\/www.tossestugan.se\/en\/#website\",\"url\":\"https:\/\/www.tossestugan.se\/en\/\",\"name\":\"T\u00f6ssestugan\",\"description\":\"Restaurang &amp; hotell n\u00e4ra \u00c5m\u00e5l vid E45:an\",\"publisher\":{\"@id\":\"https:\/\/www.tossestugan.se\/en\/#organization\"},\"potentialAction\":[{\"@type\":\"SearchAction\",\"target\":{\"@type\":\"EntryPoint\",\"urlTemplate\":\"https:\/\/www.tossestugan.se\/en\/?s={search_term_string}\"},\"query-input\":\"required name=search_term_string\"}],\"inLanguage\":\"en-US\"},{\"@type\":\"Organization\",\"@id\":\"https:\/\/www.tossestugan.se\/en\/#organization\",\"name\":\"T\u00f6ssestugan\",\"url\":\"https:\/\/www.tossestugan.se\/en\/\",\"logo\":{\"@type\":\"ImageObject\",\"inLanguage\":\"en-US\",\"@id\":\"https:\/\/www.tossestugan.se\/en\/#\/schema\/logo\/image\/\",\"url\":\"https:\/\/www.tossestugan.se\/wp-content\/uploads\/2021\/01\/tossestugan-grey-logo.svg\",\"contentUrl\":\"https:\/\/www.tossestugan.se\/wp-content\/uploads\/2021\/01\/tossestugan-grey-logo.svg\",\"width\":\"1024\",\"height\":\"1024\",\"caption\":\"T\u00f6ssestugan\"},\"image\":{\"@id\":\"https:\/\/www.tossestugan.se\/en\/#\/schema\/logo\/image\/\"},\"sameAs\":[\"https:\/\/www.facebook.com\/tossestugan\",\"https:\/\/www.instagram.com\/tossestugan\"]}]}<\/script>\n<!-- \/ Yoast SEO plugin. -->","yoast_head_json":{"title":"Catering | T\u00f6ssestugan","robots":{"index":"index","follow":"follow","max-snippet":"max-snippet:-1","max-image-preview":"max-image-preview:large","max-video-preview":"max-video-preview:-1"},"canonical":"https:\/\/www.tossestugan.se\/en\/catering\/","og_locale":"en_US","og_type":"article","og_title":"Catering | T\u00f6ssestugan","og_description":"Catering We cater for all your culinary needs, private, office, wedding, funeral gatherings or any other event.\u00a0 Whatever your occasion we promise a professional and quality service. Order Take away service All our homemade dishes can be ordered at a mutually agreeable timescale, we are unfortunately unable to deliver. Sandwiches Cakes, biscuits and confectionary Prawn [&hellip;]","og_url":"https:\/\/www.tossestugan.se\/en\/catering\/","og_site_name":"T\u00f6ssestugan","article_publisher":"https:\/\/www.facebook.com\/tossestugan","article_modified_time":"2021-06-04T16:22:29+00:00","og_image":[{"url":"https:\/\/www.tossestugan.se\/wp-content\/uploads\/2021\/02\/lax.jpg"}],"twitter_card":"summary_large_image","twitter_misc":{"Est. reading time":"1 minute"},"schema":{"@context":"https:\/\/schema.org","@graph":[{"@type":"WebPage","@id":"https:\/\/www.tossestugan.se\/en\/catering\/","url":"https:\/\/www.tossestugan.se\/en\/catering\/","name":"Catering | T\u00f6ssestugan","isPartOf":{"@id":"https:\/\/www.tossestugan.se\/en\/#website"},"datePublished":"2021-06-01T15:33:07+00:00","dateModified":"2021-06-04T16:22:29+00:00","breadcrumb":{"@id":"https:\/\/www.tossestugan.se\/en\/catering\/#breadcrumb"},"inLanguage":"en-US","potentialAction":[{"@type":"ReadAction","target":["https:\/\/www.tossestugan.se\/en\/catering\/"]}]},{"@type":"BreadcrumbList","@id":"https:\/\/www.tossestugan.se\/en\/catering\/#breadcrumb","itemListElement":[{"@type":"ListItem","position":1,"name":"Hem","item":"https:\/\/www.tossestugan.se\/en\/"},{"@type":"ListItem","position":2,"name":"Catering"}]},{"@type":"WebSite","@id":"https:\/\/www.tossestugan.se\/en\/#website","url":"https:\/\/www.tossestugan.se\/en\/","name":"T\u00f6ssestugan","description":"Restaurang &amp; hotell n\u00e4ra \u00c5m\u00e5l vid E45:an","publisher":{"@id":"https:\/\/www.tossestugan.se\/en\/#organization"},"potentialAction":[{"@type":"SearchAction","target":{"@type":"EntryPoint","urlTemplate":"https:\/\/www.tossestugan.se\/en\/?s={search_term_string}"},"query-input":"required name=search_term_string"}],"inLanguage":"en-US"},{"@type":"Organization","@id":"https:\/\/www.tossestugan.se\/en\/#organization","name":"T\u00f6ssestugan","url":"https:\/\/www.tossestugan.se\/en\/","logo":{"@type":"ImageObject","inLanguage":"en-US","@id":"https:\/\/www.tossestugan.se\/en\/#\/schema\/logo\/image\/","url":"https:\/\/www.tossestugan.se\/wp-content\/uploads\/2021\/01\/tossestugan-grey-logo.svg","contentUrl":"https:\/\/www.tossestugan.se\/wp-content\/uploads\/2021\/01\/tossestugan-grey-logo.svg","width":"1024","height":"1024","caption":"T\u00f6ssestugan"},"image":{"@id":"https:\/\/www.tossestugan.se\/en\/#\/schema\/logo\/image\/"},"sameAs":["https:\/\/www.facebook.com\/tossestugan","https:\/\/www.instagram.com\/tossestugan"]}]}},"_links":{"self":[{"href":"https:\/\/www.tossestugan.se\/en\/wp-json\/wp\/v2\/pages\/1237"}],"collection":[{"href":"https:\/\/www.tossestugan.se\/en\/wp-json\/wp\/v2\/pages"}],"about":[{"href":"https:\/\/www.tossestugan.se\/en\/wp-json\/wp\/v2\/types\/page"}],"author":[{"embeddable":true,"href":"https:\/\/www.tossestugan.se\/en\/wp-json\/wp\/v2\/users\/1"}],"replies":[{"embeddable":true,"href":"https:\/\/www.tossestugan.se\/en\/wp-json\/wp\/v2\/comments?post=1237"}],"version-history":[{"count":7,"href":"https:\/\/www.tossestugan.se\/en\/wp-json\/wp\/v2\/pages\/1237\/revisions"}],"predecessor-version":[{"id":1460,"href":"https:\/\/www.tossestugan.se\/en\/wp-json\/wp\/v2\/pages\/1237\/revisions\/1460"}],"wp:attachment":[{"href":"https:\/\/www.tossestugan.se\/en\/wp-json\/wp\/v2\/media?parent=1237"}],"curies":[{"name":"wp","href":"https:\/\/api.w.org\/{rel}","templated":true}]}}