{"id":1255,"date":"2021-06-01T16:09:17","date_gmt":"2021-06-01T16:09:17","guid":{"rendered":"https:\/\/www.tossestugan.se\/about-us\/"},"modified":"2021-06-01T16:09:17","modified_gmt":"2021-06-01T16:09:17","slug":"about-us","status":"publish","type":"page","link":"https:\/\/www.tossestugan.se\/en\/about-us\/","title":{"rendered":"About us"},"content":{"rendered":"\t\t<div data-elementor-type=\"wp-page\" data-elementor-id=\"1255\" class=\"elementor elementor-1255 elementor-2\">\n\t\t\t\t\t\t<div class=\"elementor-inner\">\n\t\t\t\t<div class=\"elementor-section-wrap\">\n\t\t\t\t\t\t\t\t\t<section class=\"elementor-section elementor-top-section elementor-element elementor-element-3e39e80a elementor-section-boxed elementor-section-height-default elementor-section-height-default\" data-id=\"3e39e80a\" data-element_type=\"section\">\n\t\t\t\t\t\t<div class=\"elementor-container elementor-column-gap-default\">\n\t\t\t\t\t\t\t<div class=\"elementor-row\">\n\t\t\t\t\t<div class=\"elementor-column elementor-col-100 elementor-top-column elementor-element elementor-element-44397544\" data-id=\"44397544\" data-element_type=\"column\" data-settings=\"{&quot;background_background&quot;:&quot;classic&quot;}\">\n\t\t\t<div class=\"elementor-column-wrap elementor-element-populated\">\n\t\t\t\t\t\t\t<div class=\"elementor-widget-wrap\">\n\t\t\t\t\t\t<section class=\"elementor-section elementor-inner-section elementor-element elementor-element-240ace34 elementor-section-full_width elementor-reverse-tablet elementor-reverse-mobile elementor-section-height-default elementor-section-height-default\" data-id=\"240ace34\" data-element_type=\"section\">\n\t\t\t\t\t\t<div class=\"elementor-container elementor-column-gap-default\">\n\t\t\t\t\t\t\t<div class=\"elementor-row\">\n\t\t\t\t\t<div class=\"elementor-column elementor-col-50 elementor-inner-column elementor-element elementor-element-50439c55\" data-id=\"50439c55\" data-element_type=\"column\">\n\t\t\t<div class=\"elementor-column-wrap elementor-element-populated\">\n\t\t\t\t\t\t\t<div class=\"elementor-widget-wrap\">\n\t\t\t\t\t\t<div class=\"elementor-element elementor-element-4ae59ae8 elementor-cta--valign-middle elementor-cta--skin-classic elementor-animated-content elementor-bg-transform elementor-bg-transform-zoom-in elementor-widget elementor-widget-call-to-action\" data-id=\"4ae59ae8\" data-element_type=\"widget\" data-widget_type=\"call-to-action.default\">\n\t\t\t\t<div class=\"elementor-widget-container\">\n\t\t\t\t\t<div class=\"elementor-cta\">\n\t\t\t\t\t\t\t<div class=\"elementor-cta__content\">\n\t\t\t\t\n\t\t\t\t<h2 class=\"elementor-cta__title elementor-cta__content-item elementor-content-item\">About us<\/h2>\n\t\t\t\t\t\t\t\t\t<div class=\"elementor-cta__description elementor-cta__content-item elementor-content-item\">\n\t\t\t\t\t\t<p><span style=\"font-weight: 400;\">T\u00f6ssestugan is a popular stop for locals and tourists alike, providing lunches, A la carte, early evening meals, general refreshments, complimented with a Manor House Hotel and conference room.\u00a0 A great one stop venue to take a break before hitting the ski slopes or simply needing a stretch in between your many destinations in and around the South of Sweden.<\/span><\/p>\n\t\t\t\t\t<\/div>\n\t\t\t\t\n\t\t\t\t\t\t\t\t\t<div class=\"elementor-cta__button-wrapper elementor-cta__content-item elementor-content-item \">\n\t\t\t\t\t<a class=\"elementor-cta__button elementor-button elementor-size-sm\" href=\"https:\/\/www.tossestugan.se\/kontakt\/\" target=\"_blank\">\n\t\t\t\t\t\tContact us\t\t\t\t\t<\/a>\n\t\t\t\t\t<\/div>\n\t\t\t\t\t\t\t<\/div>\n\t\t\t\t\t\t<\/div>\n\t\t\t\t<\/div>\n\t\t\t\t<\/div>\n\t\t\t\t\t\t<\/div>\n\t\t\t\t\t<\/div>\n\t\t<\/div>\n\t\t\t\t<div class=\"elementor-column elementor-col-50 elementor-inner-column elementor-element elementor-element-1e8448aa\" data-id=\"1e8448aa\" data-element_type=\"column\">\n\t\t\t<div class=\"elementor-column-wrap elementor-element-populated\">\n\t\t\t\t\t\t\t<div class=\"elementor-widget-wrap\">\n\t\t\t\t\t\t<div class=\"elementor-element elementor-element-28639d42 elementor-widget elementor-widget-spacer\" data-id=\"28639d42\" data-element_type=\"widget\" data-widget_type=\"spacer.default\">\n\t\t\t\t<div class=\"elementor-widget-container\">\n\t\t\t\t\t<div class=\"elementor-spacer\">\n\t\t\t<div class=\"elementor-spacer-inner\"><\/div>\n\t\t<\/div>\n\t\t\t\t<\/div>\n\t\t\t\t<\/div>\n\t\t\t\t\t\t<\/div>\n\t\t\t\t\t<\/div>\n\t\t<\/div>\n\t\t\t\t\t\t\t\t<\/div>\n\t\t\t\t\t<\/div>\n\t\t<\/section>\n\t\t\t\t\t\t<\/div>\n\t\t\t\t\t<\/div>\n\t\t<\/div>\n\t\t\t\t\t\t\t\t<\/div>\n\t\t\t\t\t<\/div>\n\t\t<\/section>\n\t\t\t\t<section class=\"elementor-section elementor-top-section elementor-element elementor-element-333f21ec elementor-section-height-min-height elementor-section-content-middle elementor-section-items-stretch elementor-section-boxed elementor-section-height-default\" data-id=\"333f21ec\" data-element_type=\"section\">\n\t\t\t\t\t\t<div class=\"elementor-container elementor-column-gap-default\">\n\t\t\t\t\t\t\t<div class=\"elementor-row\">\n\t\t\t\t\t<div class=\"elementor-column elementor-col-50 elementor-top-column elementor-element elementor-element-1d308ea7\" data-id=\"1d308ea7\" data-element_type=\"column\" data-settings=\"{&quot;background_background&quot;:&quot;classic&quot;}\">\n\t\t\t<div class=\"elementor-column-wrap elementor-element-populated\">\n\t\t\t\t\t\t\t<div class=\"elementor-widget-wrap\">\n\t\t\t\t\t\t<div class=\"elementor-element elementor-element-75630035 elementor-widget elementor-widget-spacer\" data-id=\"75630035\" data-element_type=\"widget\" data-widget_type=\"spacer.default\">\n\t\t\t\t<div class=\"elementor-widget-container\">\n\t\t\t\t\t<div class=\"elementor-spacer\">\n\t\t\t<div class=\"elementor-spacer-inner\"><\/div>\n\t\t<\/div>\n\t\t\t\t<\/div>\n\t\t\t\t<\/div>\n\t\t\t\t\t\t<\/div>\n\t\t\t\t\t<\/div>\n\t\t<\/div>\n\t\t\t\t<div class=\"elementor-column elementor-col-50 elementor-top-column elementor-element elementor-element-5ba7f3c4\" data-id=\"5ba7f3c4\" data-element_type=\"column\">\n\t\t\t<div class=\"elementor-column-wrap elementor-element-populated\">\n\t\t\t\t\t\t\t<div class=\"elementor-widget-wrap\">\n\t\t\t\t\t\t<section class=\"elementor-section elementor-inner-section elementor-element elementor-element-3567631e animated-slow elementor-section-boxed elementor-section-height-default elementor-section-height-default elementor-invisible\" data-id=\"3567631e\" data-element_type=\"section\" data-settings=\"{&quot;animation&quot;:&quot;fadeIn&quot;}\">\n\t\t\t\t\t\t<div class=\"elementor-container elementor-column-gap-default\">\n\t\t\t\t\t\t\t<div class=\"elementor-row\">\n\t\t\t\t\t<div class=\"elementor-column elementor-col-100 elementor-inner-column elementor-element elementor-element-32185326\" data-id=\"32185326\" data-element_type=\"column\">\n\t\t\t<div class=\"elementor-column-wrap elementor-element-populated\">\n\t\t\t\t\t\t\t<div class=\"elementor-widget-wrap\">\n\t\t\t\t\t\t<div class=\"elementor-element elementor-element-55b1ccc9 elementor-widget elementor-widget-heading\" data-id=\"55b1ccc9\" data-element_type=\"widget\" data-widget_type=\"heading.default\">\n\t\t\t\t<div class=\"elementor-widget-container\">\n\t\t\t<h2 class=\"elementor-heading-title elementor-size-default\">History<\/h2>\t\t<\/div>\n\t\t\t\t<\/div>\n\t\t\t\t<div class=\"elementor-element elementor-element-3b3968ab elementor-widget elementor-widget-text-editor\" data-id=\"3b3968ab\" data-element_type=\"widget\" data-widget_type=\"text-editor.default\">\n\t\t\t\t<div class=\"elementor-widget-container\">\n\t\t\t\t\t\t\t\t<div class=\"elementor-text-editor elementor-clearfix\">\n\t\t\t\t<p><span style=\"font-weight: 400;\">T\u00f6ssestugan`s Manor House Hotel dates back to the 1600\u00b4s and up until 1849 was a Court House and Inn.\u00a0 It\u00b4s original name was T\u00f6sse H\u00e4rad.<\/span><\/p>\n<p><span style=\"font-weight: 400;\">The restaurant one can see from the main road, E45 was built in 1985. Since 2003 it has been driven by Krystyna Gustavsson.<\/span><\/p>\n<p><span style=\"font-weight: 400;\">The Manor House is over 200 years old and had always been a private residence.<\/span><\/p>\n<p><span style=\"font-weight: 400;\">Change of use to a Manor House Hotel was inaugurated in 2005.\u00a0 The newly built relax spa area add an extra luxury service to the Manor House Hotel.<\/span><\/p>\n<p><span style=\"font-weight: 400;\">T\u00f6ssestugan is today, a popular destination of the Dalsland district just off the E45, and is proud to be able to deliver the whole package:<\/span><\/p>\n\t\t\t\t\t<\/div>\n\t\t\t\t\t\t<\/div>\n\t\t\t\t<\/div>\n\t\t\t\t<div class=\"elementor-element elementor-element-154ba07c elementor-icon-list--layout-traditional elementor-list-item-link-full_width elementor-widget elementor-widget-icon-list\" data-id=\"154ba07c\" data-element_type=\"widget\" data-widget_type=\"icon-list.default\">\n\t\t\t\t<div class=\"elementor-widget-container\">\n\t\t\t\t\t<ul class=\"elementor-icon-list-items\">\n\t\t\t\t\t\t\t<li class=\"elementor-icon-list-item\">\n\t\t\t\t\t\t\t\t\t\t\t<span class=\"elementor-icon-list-icon\">\n\t\t\t\t\t\t\t<i aria-hidden=\"true\" class=\"fas fa-utensils\"><\/i>\t\t\t\t\t\t<\/span>\n\t\t\t\t\t\t\t\t\t\t<span class=\"elementor-icon-list-text\">Restaurant<\/span>\n\t\t\t\t\t\t\t\t\t<\/li>\n\t\t\t\t\t\t\t\t<li class=\"elementor-icon-list-item\">\n\t\t\t\t\t\t\t\t\t\t\t<span class=\"elementor-icon-list-icon\">\n\t\t\t\t\t\t\t<i aria-hidden=\"true\" class=\"fas fa-bed\"><\/i>\t\t\t\t\t\t<\/span>\n\t\t\t\t\t\t\t\t\t\t<span class=\"elementor-icon-list-text\">Hotel<\/span>\n\t\t\t\t\t\t\t\t\t<\/li>\n\t\t\t\t\t\t\t\t<li class=\"elementor-icon-list-item\">\n\t\t\t\t\t\t\t\t\t\t\t<span class=\"elementor-icon-list-icon\">\n\t\t\t\t\t\t\t<i aria-hidden=\"true\" class=\"fas fa-caravan\"><\/i>\t\t\t\t\t\t<\/span>\n\t\t\t\t\t\t\t\t\t\t<span class=\"elementor-icon-list-text\">Motorhome parking<\/span>\n\t\t\t\t\t\t\t\t\t<\/li>\n\t\t\t\t\t\t\t\t<li class=\"elementor-icon-list-item\">\n\t\t\t\t\t\t\t\t\t\t\t<span class=\"elementor-icon-list-icon\">\n\t\t\t\t\t\t\t<i aria-hidden=\"true\" class=\"fas fa-house-damage\"><\/i>\t\t\t\t\t\t<\/span>\n\t\t\t\t\t\t\t\t\t\t<span class=\"elementor-icon-list-text\">Lodge house<\/span>\n\t\t\t\t\t\t\t\t\t<\/li>\n\t\t\t\t\t\t\t\t<li class=\"elementor-icon-list-item\">\n\t\t\t\t\t\t\t\t\t\t\t<span class=\"elementor-icon-list-icon\">\n\t\t\t\t\t\t\t<i aria-hidden=\"true\" class=\"fas fa-hot-tub\"><\/i>\t\t\t\t\t\t<\/span>\n\t\t\t\t\t\t\t\t\t\t<span class=\"elementor-icon-list-text\">Spa and relax<\/span>\n\t\t\t\t\t\t\t\t\t<\/li>\n\t\t\t\t\t\t\t\t<li class=\"elementor-icon-list-item\">\n\t\t\t\t\t\t\t\t\t\t\t<span class=\"elementor-icon-list-icon\">\n\t\t\t\t\t\t\t<i aria-hidden=\"true\" class=\"fas fa-pen-alt\"><\/i>\t\t\t\t\t\t<\/span>\n\t\t\t\t\t\t\t\t\t\t<span class=\"elementor-icon-list-text\">Conference<\/span>\n\t\t\t\t\t\t\t\t\t<\/li>\n\t\t\t\t\t\t\t\t<li class=\"elementor-icon-list-item\">\n\t\t\t\t\t\t\t\t\t\t\t<span class=\"elementor-icon-list-icon\">\n\t\t\t\t\t\t\t<i aria-hidden=\"true\" class=\"fas fa-bus\"><\/i>\t\t\t\t\t\t<\/span>\n\t\t\t\t\t\t\t\t\t\t<span class=\"elementor-icon-list-text\">Bus tour stop<\/span>\n\t\t\t\t\t\t\t\t\t<\/li>\n\t\t\t\t\t\t\t\t<li class=\"elementor-icon-list-item\">\n\t\t\t\t\t\t\t\t\t\t\t<span class=\"elementor-icon-list-icon\">\n\t\t\t\t\t\t\t<i aria-hidden=\"true\" class=\"fas fa-wine-glass-alt\"><\/i>\t\t\t\t\t\t<\/span>\n\t\t\t\t\t\t\t\t\t\t<span class=\"elementor-icon-list-text\">Events<\/span>\n\t\t\t\t\t\t\t\t\t<\/li>\n\t\t\t\t\t\t<\/ul>\n\t\t\t\t<\/div>\n\t\t\t\t<\/div>\n\t\t\t\t\t\t<\/div>\n\t\t\t\t\t<\/div>\n\t\t<\/div>\n\t\t\t\t\t\t\t\t<\/div>\n\t\t\t\t\t<\/div>\n\t\t<\/section>\n\t\t\t\t<section class=\"elementor-section elementor-inner-section elementor-element elementor-element-64dfb08d animated-slow elementor-section-boxed elementor-section-height-default elementor-section-height-default elementor-invisible\" data-id=\"64dfb08d\" data-element_type=\"section\" data-settings=\"{&quot;animation&quot;:&quot;fadeIn&quot;}\">\n\t\t\t\t\t\t<div class=\"elementor-container elementor-column-gap-default\">\n\t\t\t\t\t\t\t<div class=\"elementor-row\">\n\t\t\t\t\t<div class=\"elementor-column elementor-col-100 elementor-inner-column elementor-element elementor-element-52d4f051\" data-id=\"52d4f051\" data-element_type=\"column\">\n\t\t\t<div class=\"elementor-column-wrap elementor-element-populated\">\n\t\t\t\t\t\t\t<div class=\"elementor-widget-wrap\">\n\t\t\t\t\t\t<div class=\"elementor-element elementor-element-2af926de elementor-widget elementor-widget-image\" data-id=\"2af926de\" data-element_type=\"widget\" data-widget_type=\"image.default\">\n\t\t\t\t<div class=\"elementor-widget-container\">\n\t\t\t\t\t\t\t\t<div class=\"elementor-image\">\n\t\t\t\t\t\t\t\t\t\t\t\t<img decoding=\"async\" width=\"800\" height=\"534\" src=\"https:\/\/www.tossestugan.se\/wp-content\/uploads\/2021\/02\/tradgard-1024x683.jpg\" class=\"attachment-large size-large wp-image-1165\" alt=\"Garden\" loading=\"lazy\" srcset=\"https:\/\/www.tossestugan.se\/wp-content\/uploads\/2021\/02\/tradgard-1024x683.jpg 1024w, https:\/\/www.tossestugan.se\/wp-content\/uploads\/2021\/02\/tradgard-300x200.jpg 300w, https:\/\/www.tossestugan.se\/wp-content\/uploads\/2021\/02\/tradgard-768x512.jpg 768w, https:\/\/www.tossestugan.se\/wp-content\/uploads\/2021\/02\/tradgard.jpg 1350w\" sizes=\"(max-width: 800px) 100vw, 800px\" \/>\t\t\t\t\t\t\t\t\t\t\t\t\t\t<\/div>\n\t\t\t\t\t\t<\/div>\n\t\t\t\t<\/div>\n\t\t\t\t\t\t<\/div>\n\t\t\t\t\t<\/div>\n\t\t<\/div>\n\t\t\t\t\t\t\t\t<\/div>\n\t\t\t\t\t<\/div>\n\t\t<\/section>\n\t\t\t\t\t\t<\/div>\n\t\t\t\t\t<\/div>\n\t\t<\/div>\n\t\t\t\t\t\t\t\t<\/div>\n\t\t\t\t\t<\/div>\n\t\t<\/section>\n\t\t\t\t\t\t\t\t\t<\/div>\n\t\t\t<\/div>\n\t\t\t\t\t<\/div>\n\t\t","protected":false},"excerpt":{"rendered":"<p>About us T\u00f6ssestugan is a popular stop for locals and tourists alike, providing lunches, A la carte, early evening meals, general refreshments, complimented with a Manor House Hotel and conference room.\u00a0 A great one stop venue to take a break before hitting the ski slopes or simply needing a stretch in between your many destinations [&hellip;]<\/p>\n","protected":false},"author":1,"featured_media":0,"parent":0,"menu_order":0,"comment_status":"closed","ping_status":"closed","template":"","meta":{"inline_featured_image":false},"yoast_head":"<!-- This site is optimized with the Yoast SEO plugin v20.2.1 - https:\/\/yoast.com\/wordpress\/plugins\/seo\/ -->\n<title>About us | T\u00f6ssestugan<\/title>\n<meta name=\"robots\" content=\"index, follow, max-snippet:-1, max-image-preview:large, max-video-preview:-1\" \/>\n<link rel=\"canonical\" href=\"https:\/\/www.tossestugan.se\/en\/about-us\/\" \/>\n<meta property=\"og:locale\" content=\"en_US\" \/>\n<meta property=\"og:type\" content=\"article\" \/>\n<meta property=\"og:title\" content=\"About us | T\u00f6ssestugan\" \/>\n<meta property=\"og:description\" content=\"About us T\u00f6ssestugan is a popular stop for locals and tourists alike, providing lunches, A la carte, early evening meals, general refreshments, complimented with a Manor House Hotel and conference room.\u00a0 A great one stop venue to take a break before hitting the ski slopes or simply needing a stretch in between your many destinations [&hellip;]\" \/>\n<meta property=\"og:url\" content=\"https:\/\/www.tossestugan.se\/en\/about-us\/\" \/>\n<meta property=\"og:site_name\" content=\"T\u00f6ssestugan\" \/>\n<meta property=\"article:publisher\" content=\"https:\/\/www.facebook.com\/tossestugan\" \/>\n<meta property=\"og:image\" content=\"https:\/\/www.tossestugan.se\/wp-content\/uploads\/2021\/02\/tradgard-1024x683.jpg\" \/>\n<meta name=\"twitter:card\" content=\"summary_large_image\" \/>\n<meta name=\"twitter:label1\" content=\"Est. reading time\" \/>\n\t<meta name=\"twitter:data1\" content=\"1 minute\" \/>\n<script type=\"application\/ld+json\" class=\"yoast-schema-graph\">{\"@context\":\"https:\/\/schema.org\",\"@graph\":[{\"@type\":\"WebPage\",\"@id\":\"https:\/\/www.tossestugan.se\/en\/about-us\/\",\"url\":\"https:\/\/www.tossestugan.se\/en\/about-us\/\",\"name\":\"About us | T\u00f6ssestugan\",\"isPartOf\":{\"@id\":\"https:\/\/www.tossestugan.se\/en\/#website\"},\"datePublished\":\"2021-06-01T16:09:17+00:00\",\"dateModified\":\"2021-06-01T16:09:17+00:00\",\"breadcrumb\":{\"@id\":\"https:\/\/www.tossestugan.se\/en\/about-us\/#breadcrumb\"},\"inLanguage\":\"en-US\",\"potentialAction\":[{\"@type\":\"ReadAction\",\"target\":[\"https:\/\/www.tossestugan.se\/en\/about-us\/\"]}]},{\"@type\":\"BreadcrumbList\",\"@id\":\"https:\/\/www.tossestugan.se\/en\/about-us\/#breadcrumb\",\"itemListElement\":[{\"@type\":\"ListItem\",\"position\":1,\"name\":\"Hem\",\"item\":\"https:\/\/www.tossestugan.se\/en\/\"},{\"@type\":\"ListItem\",\"position\":2,\"name\":\"About us\"}]},{\"@type\":\"WebSite\",\"@id\":\"https:\/\/www.tossestugan.se\/en\/#website\",\"url\":\"https:\/\/www.tossestugan.se\/en\/\",\"name\":\"T\u00f6ssestugan\",\"description\":\"Restaurang &amp; hotell n\u00e4ra \u00c5m\u00e5l vid E45:an\",\"publisher\":{\"@id\":\"https:\/\/www.tossestugan.se\/en\/#organization\"},\"potentialAction\":[{\"@type\":\"SearchAction\",\"target\":{\"@type\":\"EntryPoint\",\"urlTemplate\":\"https:\/\/www.tossestugan.se\/en\/?s={search_term_string}\"},\"query-input\":\"required name=search_term_string\"}],\"inLanguage\":\"en-US\"},{\"@type\":\"Organization\",\"@id\":\"https:\/\/www.tossestugan.se\/en\/#organization\",\"name\":\"T\u00f6ssestugan\",\"url\":\"https:\/\/www.tossestugan.se\/en\/\",\"logo\":{\"@type\":\"ImageObject\",\"inLanguage\":\"en-US\",\"@id\":\"https:\/\/www.tossestugan.se\/en\/#\/schema\/logo\/image\/\",\"url\":\"https:\/\/www.tossestugan.se\/wp-content\/uploads\/2021\/01\/tossestugan-grey-logo.svg\",\"contentUrl\":\"https:\/\/www.tossestugan.se\/wp-content\/uploads\/2021\/01\/tossestugan-grey-logo.svg\",\"width\":\"1024\",\"height\":\"1024\",\"caption\":\"T\u00f6ssestugan\"},\"image\":{\"@id\":\"https:\/\/www.tossestugan.se\/en\/#\/schema\/logo\/image\/\"},\"sameAs\":[\"https:\/\/www.facebook.com\/tossestugan\",\"https:\/\/www.instagram.com\/tossestugan\"]}]}<\/script>\n<!-- \/ Yoast SEO plugin. -->","yoast_head_json":{"title":"About us | T\u00f6ssestugan","robots":{"index":"index","follow":"follow","max-snippet":"max-snippet:-1","max-image-preview":"max-image-preview:large","max-video-preview":"max-video-preview:-1"},"canonical":"https:\/\/www.tossestugan.se\/en\/about-us\/","og_locale":"en_US","og_type":"article","og_title":"About us | T\u00f6ssestugan","og_description":"About us T\u00f6ssestugan is a popular stop for locals and tourists alike, providing lunches, A la carte, early evening meals, general refreshments, complimented with a Manor House Hotel and conference room.\u00a0 A great one stop venue to take a break before hitting the ski slopes or simply needing a stretch in between your many destinations [&hellip;]","og_url":"https:\/\/www.tossestugan.se\/en\/about-us\/","og_site_name":"T\u00f6ssestugan","article_publisher":"https:\/\/www.facebook.com\/tossestugan","og_image":[{"url":"https:\/\/www.tossestugan.se\/wp-content\/uploads\/2021\/02\/tradgard-1024x683.jpg"}],"twitter_card":"summary_large_image","twitter_misc":{"Est. reading time":"1 minute"},"schema":{"@context":"https:\/\/schema.org","@graph":[{"@type":"WebPage","@id":"https:\/\/www.tossestugan.se\/en\/about-us\/","url":"https:\/\/www.tossestugan.se\/en\/about-us\/","name":"About us | T\u00f6ssestugan","isPartOf":{"@id":"https:\/\/www.tossestugan.se\/en\/#website"},"datePublished":"2021-06-01T16:09:17+00:00","dateModified":"2021-06-01T16:09:17+00:00","breadcrumb":{"@id":"https:\/\/www.tossestugan.se\/en\/about-us\/#breadcrumb"},"inLanguage":"en-US","potentialAction":[{"@type":"ReadAction","target":["https:\/\/www.tossestugan.se\/en\/about-us\/"]}]},{"@type":"BreadcrumbList","@id":"https:\/\/www.tossestugan.se\/en\/about-us\/#breadcrumb","itemListElement":[{"@type":"ListItem","position":1,"name":"Hem","item":"https:\/\/www.tossestugan.se\/en\/"},{"@type":"ListItem","position":2,"name":"About us"}]},{"@type":"WebSite","@id":"https:\/\/www.tossestugan.se\/en\/#website","url":"https:\/\/www.tossestugan.se\/en\/","name":"T\u00f6ssestugan","description":"Restaurang &amp; hotell n\u00e4ra \u00c5m\u00e5l vid E45:an","publisher":{"@id":"https:\/\/www.tossestugan.se\/en\/#organization"},"potentialAction":[{"@type":"SearchAction","target":{"@type":"EntryPoint","urlTemplate":"https:\/\/www.tossestugan.se\/en\/?s={search_term_string}"},"query-input":"required name=search_term_string"}],"inLanguage":"en-US"},{"@type":"Organization","@id":"https:\/\/www.tossestugan.se\/en\/#organization","name":"T\u00f6ssestugan","url":"https:\/\/www.tossestugan.se\/en\/","logo":{"@type":"ImageObject","inLanguage":"en-US","@id":"https:\/\/www.tossestugan.se\/en\/#\/schema\/logo\/image\/","url":"https:\/\/www.tossestugan.se\/wp-content\/uploads\/2021\/01\/tossestugan-grey-logo.svg","contentUrl":"https:\/\/www.tossestugan.se\/wp-content\/uploads\/2021\/01\/tossestugan-grey-logo.svg","width":"1024","height":"1024","caption":"T\u00f6ssestugan"},"image":{"@id":"https:\/\/www.tossestugan.se\/en\/#\/schema\/logo\/image\/"},"sameAs":["https:\/\/www.facebook.com\/tossestugan","https:\/\/www.instagram.com\/tossestugan"]}]}},"_links":{"self":[{"href":"https:\/\/www.tossestugan.se\/en\/wp-json\/wp\/v2\/pages\/1255"}],"collection":[{"href":"https:\/\/www.tossestugan.se\/en\/wp-json\/wp\/v2\/pages"}],"about":[{"href":"https:\/\/www.tossestugan.se\/en\/wp-json\/wp\/v2\/types\/page"}],"author":[{"embeddable":true,"href":"https:\/\/www.tossestugan.se\/en\/wp-json\/wp\/v2\/users\/1"}],"replies":[{"embeddable":true,"href":"https:\/\/www.tossestugan.se\/en\/wp-json\/wp\/v2\/comments?post=1255"}],"version-history":[{"count":1,"href":"https:\/\/www.tossestugan.se\/en\/wp-json\/wp\/v2\/pages\/1255\/revisions"}],"predecessor-version":[{"id":1256,"href":"https:\/\/www.tossestugan.se\/en\/wp-json\/wp\/v2\/pages\/1255\/revisions\/1256"}],"wp:attachment":[{"href":"https:\/\/www.tossestugan.se\/en\/wp-json\/wp\/v2\/media?parent=1255"}],"curies":[{"name":"wp","href":"https:\/\/api.w.org\/{rel}","templated":true}]}}